{"id":1277058,"date":"2025-02-01T01:06:45","date_gmt":"2025-02-01T00:06:45","guid":{"rendered":"https:\/\/streetmarkets.fr\/app\/produit\/nouveau-pomandere-pantalon-coton-et-lin-indigo\/"},"modified":"2025-09-03T02:05:21","modified_gmt":"2025-09-03T00:05:21","slug":"nouveau-pomandere-pantalon-coton-et-lin-indigo","status":"publish","type":"product","link":"https:\/\/streetmarkets.fr\/app\/produit\/nouveau-pomandere-pantalon-coton-et-lin-indigo\/","title":{"rendered":"POMAND\u00c8RE Pantalon Coton et Lin Indigo -30%"},"content":{"rendered":"<p data-rte-preserve-empty=\"true\">\n<p data-rte-preserve-empty=\"true\">Pantalon tailleur en coton et lin \u00e0 rayures ton sur ton, taille ajust\u00e9e, jambe droite, fermeture par un zip et un bouton, deux poches lat\u00e9rales et poches dans le dos.<\/p>\n<p data-rte-preserve-empty=\"true\">Peut \u00eatre coordonn\u00e9 avec la veste du m\u00eame th\u00e8me.<\/p>\n<p data-rte-preserve-empty=\"true\">\n<p data-rte-preserve-empty=\"true\">D\u00e9tail : 53% lin, 47% coton<\/p>\n","protected":false},"excerpt":{"rendered":"<p>Pantalon tailleur en coton et lin \u00e0 rayures ton sur ton, taille ajust\u00e9e, jambe droite, fermeture par un zip et un bouton, deux poches lat\u00e9rales et poches dans le dos. Peut \u00eatre coordonn\u00e9 avec la veste du m\u00eame th\u00e8me. D\u00e9tail : 53% lin, 47% coton<\/p>\n","protected":false},"featured_media":1277059,"comment_status":"open","ping_status":"closed","template":"","meta":[],"product_brand":[],"product_cat":[1756,1762],"product_tag":[2244],"acf":[],"_links":{"self":[{"href":"https:\/\/streetmarkets.fr\/app\/wp-json\/wp\/v2\/product\/1277058"}],"collection":[{"href":"https:\/\/streetmarkets.fr\/app\/wp-json\/wp\/v2\/product"}],"about":[{"href":"https:\/\/streetmarkets.fr\/app\/wp-json\/wp\/v2\/types\/product"}],"replies":[{"embeddable":true,"href":"https:\/\/streetmarkets.fr\/app\/wp-json\/wp\/v2\/comments?post=1277058"}],"wp:featuredmedia":[{"embeddable":true,"href":"https:\/\/streetmarkets.fr\/app\/wp-json\/wp\/v2\/media\/1277059"}],"wp:attachment":[{"href":"https:\/\/streetmarkets.fr\/app\/wp-json\/wp\/v2\/media?parent=1277058"}],"wp:term":[{"taxonomy":"product_brand","embeddable":true,"href":"https:\/\/streetmarkets.fr\/app\/wp-json\/wp\/v2\/product_brand?post=1277058"},{"taxonomy":"product_cat","embeddable":true,"href":"https:\/\/streetmarkets.fr\/app\/wp-json\/wp\/v2\/product_cat?post=1277058"},{"taxonomy":"product_tag","embeddable":true,"href":"https:\/\/streetmarkets.fr\/app\/wp-json\/wp\/v2\/product_tag?post=1277058"}],"curies":[{"name":"wp","href":"https:\/\/api.w.org\/{rel}","templated":true}]}}