{"id":1277052,"date":"2025-02-01T01:06:43","date_gmt":"2025-02-01T00:06:43","guid":{"rendered":"https:\/\/streetmarkets.fr\/app\/produit\/nouveau-pomandere-veste-en-coton-et-lin-indigo\/"},"modified":"2026-04-15T02:00:36","modified_gmt":"2026-04-15T00:00:36","slug":"nouveau-pomandere-veste-en-coton-et-lin-indigo","status":"publish","type":"product","link":"https:\/\/streetmarkets.fr\/app\/produit\/nouveau-pomandere-veste-en-coton-et-lin-indigo\/","title":{"rendered":"POMAND\u00c8RE Veste en Coton et Lin Indigo -50%"},"content":{"rendered":"<p data-rte-preserve-empty=\"true\">\n<p data-rte-preserve-empty=\"true\">Veste tailleur en coton et lin \u00e0 rayures ton sur ton, coupe ample, manches longues, emmanchure large, boutonn\u00e9e, deux poches lat\u00e9rales.<\/p>\n<p data-rte-preserve-empty=\"true\">Peut \u00eatre coordonn\u00e9e avec le pantalon assorti du m\u00eame th\u00e8me.<\/p>\n<p data-rte-preserve-empty=\"true\">\n<p data-rte-preserve-empty=\"true\">D\u00e9tail : 53% lin, 47% coton<\/p>\n","protected":false},"excerpt":{"rendered":"<p>Veste tailleur en coton et lin \u00e0 rayures ton sur ton, coupe ample, manches longues, emmanchure large, boutonn\u00e9e, deux poches lat\u00e9rales. Peut \u00eatre coordonn\u00e9e avec le pantalon assorti du m\u00eame th\u00e8me. D\u00e9tail : 53% lin, 47% coton<\/p>\n","protected":false},"featured_media":1277053,"comment_status":"open","ping_status":"closed","template":"","meta":[],"product_brand":[],"product_cat":[1756,1762],"product_tag":[2244],"acf":[],"_links":{"self":[{"href":"https:\/\/streetmarkets.fr\/app\/wp-json\/wp\/v2\/product\/1277052"}],"collection":[{"href":"https:\/\/streetmarkets.fr\/app\/wp-json\/wp\/v2\/product"}],"about":[{"href":"https:\/\/streetmarkets.fr\/app\/wp-json\/wp\/v2\/types\/product"}],"replies":[{"embeddable":true,"href":"https:\/\/streetmarkets.fr\/app\/wp-json\/wp\/v2\/comments?post=1277052"}],"wp:featuredmedia":[{"embeddable":true,"href":"https:\/\/streetmarkets.fr\/app\/wp-json\/wp\/v2\/media\/1277053"}],"wp:attachment":[{"href":"https:\/\/streetmarkets.fr\/app\/wp-json\/wp\/v2\/media?parent=1277052"}],"wp:term":[{"taxonomy":"product_brand","embeddable":true,"href":"https:\/\/streetmarkets.fr\/app\/wp-json\/wp\/v2\/product_brand?post=1277052"},{"taxonomy":"product_cat","embeddable":true,"href":"https:\/\/streetmarkets.fr\/app\/wp-json\/wp\/v2\/product_cat?post=1277052"},{"taxonomy":"product_tag","embeddable":true,"href":"https:\/\/streetmarkets.fr\/app\/wp-json\/wp\/v2\/product_tag?post=1277052"}],"curies":[{"name":"wp","href":"https:\/\/api.w.org\/{rel}","templated":true}]}}