{"id":1277023,"date":"2025-02-01T01:02:52","date_gmt":"2025-02-01T00:02:52","guid":{"rendered":"https:\/\/streetmarkets.fr\/app\/produit\/nouveau-vanessa-bruno-sac-hobo-raphia-fleurs-naturel\/"},"modified":"2025-09-17T02:07:11","modified_gmt":"2025-09-17T00:07:11","slug":"nouveau-vanessa-bruno-sac-hobo-raphia-fleurs-naturel","status":"publish","type":"product","link":"https:\/\/streetmarkets.fr\/app\/produit\/nouveau-vanessa-bruno-sac-hobo-raphia-fleurs-naturel\/","title":{"rendered":"VANESSA BRUNO Sac Hobo Raphia Fleurs Naturel -40%"},"content":{"rendered":"<p data-rte-preserve-empty=\"true\">Sac Hobo fourre-tout en raphia, orn\u00e9 de fleurs appliqu\u00e9es ton sur ton, une anse pour un port\u00e9 \u00e9paule. Enti\u00e8rement r\u00e9alis\u00e9 \u00e0 la main. Ses dimensions : 27cm x 35cm x 20cm Hauteur de la anse : 45cm<\/p>\n<p data-rte-preserve-empty=\"true\">D\u00e9tail : 100% raphia<\/p>\n","protected":false},"excerpt":{"rendered":"<p>Sac Hobo fourre-tout en raphia, orn\u00e9 de fleurs appliqu\u00e9es ton sur ton, une anse pour un port\u00e9 \u00e9paule. Enti\u00e8rement r\u00e9alis\u00e9 \u00e0 la main. Ses dimensions : 27cm x 35cm x 20cm Hauteur de la anse : 45cm D\u00e9tail : 100% raphia<\/p>\n","protected":false},"featured_media":1277024,"comment_status":"open","ping_status":"closed","template":"","meta":[],"product_brand":[],"product_cat":[1756,1764],"product_tag":[2244],"acf":[],"_links":{"self":[{"href":"https:\/\/streetmarkets.fr\/app\/wp-json\/wp\/v2\/product\/1277023"}],"collection":[{"href":"https:\/\/streetmarkets.fr\/app\/wp-json\/wp\/v2\/product"}],"about":[{"href":"https:\/\/streetmarkets.fr\/app\/wp-json\/wp\/v2\/types\/product"}],"replies":[{"embeddable":true,"href":"https:\/\/streetmarkets.fr\/app\/wp-json\/wp\/v2\/comments?post=1277023"}],"wp:featuredmedia":[{"embeddable":true,"href":"https:\/\/streetmarkets.fr\/app\/wp-json\/wp\/v2\/media\/1277024"}],"wp:attachment":[{"href":"https:\/\/streetmarkets.fr\/app\/wp-json\/wp\/v2\/media?parent=1277023"}],"wp:term":[{"taxonomy":"product_brand","embeddable":true,"href":"https:\/\/streetmarkets.fr\/app\/wp-json\/wp\/v2\/product_brand?post=1277023"},{"taxonomy":"product_cat","embeddable":true,"href":"https:\/\/streetmarkets.fr\/app\/wp-json\/wp\/v2\/product_cat?post=1277023"},{"taxonomy":"product_tag","embeddable":true,"href":"https:\/\/streetmarkets.fr\/app\/wp-json\/wp\/v2\/product_tag?post=1277023"}],"curies":[{"name":"wp","href":"https:\/\/api.w.org\/{rel}","templated":true}]}}