{"id":1277019,"date":"2025-02-01T01:02:51","date_gmt":"2025-02-01T00:02:51","guid":{"rendered":"https:\/\/streetmarkets.fr\/app\/produit\/nouveau-vanessa-bruno-sac-nano-moon-raphia-fleurs-naturel\/"},"modified":"2025-09-17T02:07:11","modified_gmt":"2025-09-17T00:07:11","slug":"nouveau-vanessa-bruno-sac-nano-moon-raphia-fleurs-naturel","status":"publish","type":"product","link":"https:\/\/streetmarkets.fr\/app\/produit\/nouveau-vanessa-bruno-sac-nano-moon-raphia-fleurs-naturel\/","title":{"rendered":"Nouveau ! VANESSA BRUNO Petit Sac Moon Raphia Fleurs Naturel -30%"},"content":{"rendered":"<p data-rte-preserve-empty=\"true\">\n<p data-rte-preserve-empty=\"true\">Petit sac Moon en raphia, orn\u00e9 de fleurs appliqu\u00e9es ton sur ton. Bandouli\u00e8re en chaine dor\u00e9 pour un port\u00e9 \u00e9paule ou bandouli\u00e8re, se referme par un \u00e9l\u00e9gant fermoir coulissant dor\u00e9 grav\u00e9. Enti\u00e8rement r\u00e9alis\u00e9 \u00e0 la main. Ses dimensions : 11cm x 18cm x 4,5cm Hauteur bandouli\u00e8re 53cm au plus long et 29cm au plus court.<\/p>\n<p data-rte-preserve-empty=\"true\">\n<p data-rte-preserve-empty=\"true\">D\u00e9tail : Mati\u00e8re principale : 100% raphia, doublure 100% coton<\/p>\n","protected":false},"excerpt":{"rendered":"<p>Petit sac Moon en raphia, orn\u00e9 de fleurs appliqu\u00e9es ton sur ton. Bandouli\u00e8re en chaine dor\u00e9 pour un port\u00e9 \u00e9paule ou bandouli\u00e8re, se referme par un \u00e9l\u00e9gant fermoir coulissant dor\u00e9 grav\u00e9. Enti\u00e8rement r\u00e9alis\u00e9 \u00e0 la main. Ses dimensions : 11cm x 18cm x 4,5cm Hauteur bandouli\u00e8re 53cm au plus long et 29cm au plus court. [&hellip;]<\/p>\n","protected":false},"featured_media":1277020,"comment_status":"open","ping_status":"closed","template":"","meta":[],"product_brand":[],"product_cat":[1756,1764],"product_tag":[2244],"acf":[],"_links":{"self":[{"href":"https:\/\/streetmarkets.fr\/app\/wp-json\/wp\/v2\/product\/1277019"}],"collection":[{"href":"https:\/\/streetmarkets.fr\/app\/wp-json\/wp\/v2\/product"}],"about":[{"href":"https:\/\/streetmarkets.fr\/app\/wp-json\/wp\/v2\/types\/product"}],"replies":[{"embeddable":true,"href":"https:\/\/streetmarkets.fr\/app\/wp-json\/wp\/v2\/comments?post=1277019"}],"wp:featuredmedia":[{"embeddable":true,"href":"https:\/\/streetmarkets.fr\/app\/wp-json\/wp\/v2\/media\/1277020"}],"wp:attachment":[{"href":"https:\/\/streetmarkets.fr\/app\/wp-json\/wp\/v2\/media?parent=1277019"}],"wp:term":[{"taxonomy":"product_brand","embeddable":true,"href":"https:\/\/streetmarkets.fr\/app\/wp-json\/wp\/v2\/product_brand?post=1277019"},{"taxonomy":"product_cat","embeddable":true,"href":"https:\/\/streetmarkets.fr\/app\/wp-json\/wp\/v2\/product_cat?post=1277019"},{"taxonomy":"product_tag","embeddable":true,"href":"https:\/\/streetmarkets.fr\/app\/wp-json\/wp\/v2\/product_tag?post=1277019"}],"curies":[{"name":"wp","href":"https:\/\/api.w.org\/{rel}","templated":true}]}}