{"id":1276946,"date":"2025-02-01T00:59:08","date_gmt":"2025-01-31T23:59:08","guid":{"rendered":"https:\/\/streetmarkets.fr\/app\/produit\/sac-moon-mm-sorbet-vanessa-bruno-30\/"},"modified":"2025-09-17T02:02:06","modified_gmt":"2025-09-17T00:02:06","slug":"sac-moon-mm-sorbet-vanessa-bruno-30","status":"publish","type":"product","link":"https:\/\/streetmarkets.fr\/app\/produit\/sac-moon-mm-sorbet-vanessa-bruno-30\/","title":{"rendered":"Sac Moon MM Sorbet VANESSA BRUNO -50%"},"content":{"rendered":"<p class=\"\">Sac Moon en lin surpiqu\u00e9, compos\u00e9 d\u2019un compartiment principal avec une poche zipp\u00e9e et une poche plaqu\u00e9e. Enti\u00e8rement doubl\u00e9, il se porte avec une cha\u00eene \u00e0 l\u2019\u00e9paule ou en bandouli\u00e8re. Fermeture par le fermoir signature de la marque en laiton dor\u00e9. Doublure en coton. Dimensions : 17cm x 25cm x 8cm. Hauteur de la cha\u00eene pour un port\u00e9 en bandouli\u00e8re : 54cm, et 38cm pour un port\u00e9 \u00e9paule. Disponible dans de nombreuses couleurs. <\/p>\n<p class=\"\">D\u00e9tail : 100% lin, doublure 100% coton. Anses en 100% cuir v\u00e9ritable. <\/p>\n","protected":false},"excerpt":{"rendered":"<p>Sac Moon en lin surpiqu\u00e9, compos\u00e9 d\u2019un compartiment principal avec une poche zipp\u00e9e et une poche plaqu\u00e9e. Enti\u00e8rement doubl\u00e9, il se porte avec une cha\u00eene \u00e0 l\u2019\u00e9paule ou en bandouli\u00e8re. Fermeture par le fermoir signature de la marque en laiton dor\u00e9. Doublure en coton. Dimensions : 17cm x 25cm x 8cm. Hauteur de la cha\u00eene [&hellip;]<\/p>\n","protected":false},"featured_media":1276947,"comment_status":"open","ping_status":"closed","template":"","meta":[],"product_brand":[],"product_cat":[1756,1764],"product_tag":[2244],"acf":[],"_links":{"self":[{"href":"https:\/\/streetmarkets.fr\/app\/wp-json\/wp\/v2\/product\/1276946"}],"collection":[{"href":"https:\/\/streetmarkets.fr\/app\/wp-json\/wp\/v2\/product"}],"about":[{"href":"https:\/\/streetmarkets.fr\/app\/wp-json\/wp\/v2\/types\/product"}],"replies":[{"embeddable":true,"href":"https:\/\/streetmarkets.fr\/app\/wp-json\/wp\/v2\/comments?post=1276946"}],"wp:featuredmedia":[{"embeddable":true,"href":"https:\/\/streetmarkets.fr\/app\/wp-json\/wp\/v2\/media\/1276947"}],"wp:attachment":[{"href":"https:\/\/streetmarkets.fr\/app\/wp-json\/wp\/v2\/media?parent=1276946"}],"wp:term":[{"taxonomy":"product_brand","embeddable":true,"href":"https:\/\/streetmarkets.fr\/app\/wp-json\/wp\/v2\/product_brand?post=1276946"},{"taxonomy":"product_cat","embeddable":true,"href":"https:\/\/streetmarkets.fr\/app\/wp-json\/wp\/v2\/product_cat?post=1276946"},{"taxonomy":"product_tag","embeddable":true,"href":"https:\/\/streetmarkets.fr\/app\/wp-json\/wp\/v2\/product_tag?post=1276946"}],"curies":[{"name":"wp","href":"https:\/\/api.w.org\/{rel}","templated":true}]}}