{"id":1276808,"date":"2025-02-01T00:49:34","date_gmt":"2025-01-31T23:49:34","guid":{"rendered":"https:\/\/streetmarkets.fr\/app\/produit\/coffret-chaussettes-en-bambou-renards-et-herissons\/"},"modified":"2026-05-06T01:43:52","modified_gmt":"2026-05-05T23:43:52","slug":"coffret-chaussettes-en-bambou-renards-et-herissons","status":"publish","type":"product","link":"https:\/\/streetmarkets.fr\/app\/produit\/coffret-chaussettes-en-bambou-renards-et-herissons\/","title":{"rendered":"Coffret chaussettes en bambou renards et h\u00e9rissons"},"content":{"rendered":"<ul data-mce-fragment=\"1\">\n<li data-mce-fragment=\"1\">coffret de<strong data-mce-fragment=\"1\"><span data-mce-fragment=\"1\">\u00a0<\/span>4 paires<\/strong><span data-mce-fragment=\"1\">\u00a0<\/span>de chaussettes femme<\/li>\n<li data-mce-fragment=\"1\">motifs <strong>renards<\/strong> et <strong>h\u00e9rissons<\/strong>\u00a0<\/li>\n<li data-mce-fragment=\"1\">en<span data-mce-fragment=\"1\">\u00a0<\/span><strong data-mce-fragment=\"1\">bambou<\/strong>,<span data-mce-fragment=\"1\">\u00a0<\/span><strong data-mce-fragment=\"1\">coton bio<\/strong><span data-mce-fragment=\"1\">\u00a0<\/span>et<span data-mce-fragment=\"1\">\u00a0<\/span><strong data-mce-fragment=\"1\">polyester recycl\u00e9<\/strong>\n<\/li>\n<li data-mce-fragment=\"1\">tr\u00e8s confortable<\/li>\n<li data-mce-fragment=\"1\">\n<strong data-mce-fragment=\"1\">anti-bact\u00e9rien<\/strong><span data-mce-fragment=\"1\">\u00a0<\/span>et anti-fongique<\/li>\n<li data-mce-fragment=\"1\">taille<span data-mce-fragment=\"1\">\u00a0<\/span><strong data-mce-fragment=\"1\">unique<\/strong><span data-mce-fragment=\"1\">\u00a0<\/span>36\/40<\/li>\n<li data-mce-fragment=\"1\">marque<span data-mce-fragment=\"1\">\u00a0<\/span><strong data-mce-fragment=\"1\">Thought<\/strong>\n<\/li>\n<li data-mce-fragment=\"1\">\n<strong data-mce-fragment=\"1\">best-seller<\/strong><span data-mce-fragment=\"1\">\u00a0<\/span>de la marque : id\u00e9e cadeau<\/li>\n<\/ul>\n","protected":false},"excerpt":{"rendered":"<p>coffret de\u00a04 paires\u00a0de chaussettes femme motifs renards et h\u00e9rissons\u00a0 en\u00a0bambou,\u00a0coton bio\u00a0et\u00a0polyester recycl\u00e9 tr\u00e8s confortable anti-bact\u00e9rien\u00a0et anti-fongique taille\u00a0unique\u00a036\/40 marque\u00a0Thought best-seller\u00a0de la marque : id\u00e9e cadeau<\/p>\n","protected":false},"featured_media":1276809,"comment_status":"open","ping_status":"closed","template":"","meta":[],"product_brand":[],"product_cat":[1756,1764],"product_tag":[1810],"acf":[],"_links":{"self":[{"href":"https:\/\/streetmarkets.fr\/app\/wp-json\/wp\/v2\/product\/1276808"}],"collection":[{"href":"https:\/\/streetmarkets.fr\/app\/wp-json\/wp\/v2\/product"}],"about":[{"href":"https:\/\/streetmarkets.fr\/app\/wp-json\/wp\/v2\/types\/product"}],"replies":[{"embeddable":true,"href":"https:\/\/streetmarkets.fr\/app\/wp-json\/wp\/v2\/comments?post=1276808"}],"wp:featuredmedia":[{"embeddable":true,"href":"https:\/\/streetmarkets.fr\/app\/wp-json\/wp\/v2\/media\/1276809"}],"wp:attachment":[{"href":"https:\/\/streetmarkets.fr\/app\/wp-json\/wp\/v2\/media?parent=1276808"}],"wp:term":[{"taxonomy":"product_brand","embeddable":true,"href":"https:\/\/streetmarkets.fr\/app\/wp-json\/wp\/v2\/product_brand?post=1276808"},{"taxonomy":"product_cat","embeddable":true,"href":"https:\/\/streetmarkets.fr\/app\/wp-json\/wp\/v2\/product_cat?post=1276808"},{"taxonomy":"product_tag","embeddable":true,"href":"https:\/\/streetmarkets.fr\/app\/wp-json\/wp\/v2\/product_tag?post=1276808"}],"curies":[{"name":"wp","href":"https:\/\/api.w.org\/{rel}","templated":true}]}}