{"id":1276804,"date":"2025-02-01T00:49:33","date_gmt":"2025-01-31T23:49:33","guid":{"rendered":"https:\/\/streetmarkets.fr\/app\/produit\/socquettes-roses-tie-and-dye-en-bambou\/"},"modified":"2026-05-16T01:43:36","modified_gmt":"2026-05-15T23:43:36","slug":"socquettes-roses-tie-and-dye-en-bambou","status":"publish","type":"product","link":"https:\/\/streetmarkets.fr\/app\/produit\/socquettes-roses-tie-and-dye-en-bambou\/","title":{"rendered":"Socquettes roses tie and dye en bambou"},"content":{"rendered":"<ul>\n<li>socquettes femmes<\/li>\n<li>\n<strong>rose\u00a0<\/strong>tie and dye<\/li>\n<li>en<span>\u00a0<\/span><strong>bambou<\/strong>,<span>\u00a0<\/span><strong>coton bio<\/strong><span>\u00a0<\/span>et<span>\u00a0<\/span><strong>polyester recycl\u00e9<\/strong>\n<\/li>\n<li>tr\u00e8s confortables<\/li>\n<li>\n<strong>anti-bact\u00e9rien<\/strong><span>\u00a0<\/span>et anti-fongique<\/li>\n<li>taille<span>\u00a0<\/span><strong>unique<\/strong>, 36\/40,<\/li>\n<li>marque<span>\u00a0<\/span><strong>Thought<\/strong>\n<\/li>\n<li>\n<strong>best-seller<\/strong><span>\u00a0<\/span>de la marque<\/li>\n<\/ul>\n","protected":false},"excerpt":{"rendered":"<p>socquettes femmes rose\u00a0tie and dye en\u00a0bambou,\u00a0coton bio\u00a0et\u00a0polyester recycl\u00e9 tr\u00e8s confortables anti-bact\u00e9rien\u00a0et anti-fongique taille\u00a0unique, 36\/40, marque\u00a0Thought best-seller\u00a0de la marque<\/p>\n","protected":false},"featured_media":1276805,"comment_status":"open","ping_status":"closed","template":"","meta":[],"product_brand":[],"product_cat":[1756,1764],"product_tag":[1810],"acf":[],"_links":{"self":[{"href":"https:\/\/streetmarkets.fr\/app\/wp-json\/wp\/v2\/product\/1276804"}],"collection":[{"href":"https:\/\/streetmarkets.fr\/app\/wp-json\/wp\/v2\/product"}],"about":[{"href":"https:\/\/streetmarkets.fr\/app\/wp-json\/wp\/v2\/types\/product"}],"replies":[{"embeddable":true,"href":"https:\/\/streetmarkets.fr\/app\/wp-json\/wp\/v2\/comments?post=1276804"}],"wp:featuredmedia":[{"embeddable":true,"href":"https:\/\/streetmarkets.fr\/app\/wp-json\/wp\/v2\/media\/1276805"}],"wp:attachment":[{"href":"https:\/\/streetmarkets.fr\/app\/wp-json\/wp\/v2\/media?parent=1276804"}],"wp:term":[{"taxonomy":"product_brand","embeddable":true,"href":"https:\/\/streetmarkets.fr\/app\/wp-json\/wp\/v2\/product_brand?post=1276804"},{"taxonomy":"product_cat","embeddable":true,"href":"https:\/\/streetmarkets.fr\/app\/wp-json\/wp\/v2\/product_cat?post=1276804"},{"taxonomy":"product_tag","embeddable":true,"href":"https:\/\/streetmarkets.fr\/app\/wp-json\/wp\/v2\/product_tag?post=1276804"}],"curies":[{"name":"wp","href":"https:\/\/api.w.org\/{rel}","templated":true}]}}