{"id":1275646,"date":"2025-02-01T00:12:04","date_gmt":"2025-01-31T23:12:04","guid":{"rendered":"https:\/\/streetmarkets.fr\/app\/produit\/chaussettes-biere\/"},"modified":"2026-04-13T01:11:36","modified_gmt":"2026-04-12T23:11:36","slug":"chaussettes-biere","status":"publish","type":"product","link":"https:\/\/streetmarkets.fr\/app\/produit\/chaussettes-biere\/","title":{"rendered":"Chaussettes Bi\u00e8re"},"content":{"rendered":"<p class=\"p1\"><span><strong><a href=\"\/collections\/coucou-suzette\" title=\"Collection Coucou Suzette\">Collection Coucou Suzette<\/a><\/strong><\/span><\/p>\n<p style=\"font-weight: 400\">\u201cIl est des n\u00f4\u00f4\u00f4tres, il a bu son verre commeuh les auuuutres !\u201d<\/p>\n<p style=\"font-weight: 400\">\u00c7a vous fait revenir deux trois souvenirs en t\u00eate ? Nous aussi !<\/p>\n<p class=\"p1\"><span data-mce-fragment=\"1\">Chaussettes originales en coton douillet certifi\u00e9 Oeko-Tex \u00e0 motifs pintes, fabriqu\u00e9es en France, existent en deux tailles\u00a0(35-44 ou 44-48).\u00a0<\/span><\/p>\n<p class=\"p1\"><span data-mce-fragment=\"1\">Coton 72%, Polyamide 27%, Elasthanne 1%<\/span><\/p>\n","protected":false},"excerpt":{"rendered":"<p>Collection Coucou Suzette \u201cIl est des n\u00f4\u00f4\u00f4tres, il a bu son verre commeuh les auuuutres !\u201d \u00c7a vous fait revenir deux trois souvenirs en t\u00eate ? Nous aussi ! Chaussettes originales en coton douillet certifi\u00e9 Oeko-Tex \u00e0 motifs pintes, fabriqu\u00e9es en France, existent en deux tailles\u00a0(35-44 ou 44-48).\u00a0 Coton 72%, Polyamide 27%, Elasthanne 1%<\/p>\n","protected":false},"featured_media":1275647,"comment_status":"open","ping_status":"closed","template":"","meta":[],"product_brand":[],"product_cat":[1756,1762,1758],"product_tag":[2244,1811],"acf":[],"_links":{"self":[{"href":"https:\/\/streetmarkets.fr\/app\/wp-json\/wp\/v2\/product\/1275646"}],"collection":[{"href":"https:\/\/streetmarkets.fr\/app\/wp-json\/wp\/v2\/product"}],"about":[{"href":"https:\/\/streetmarkets.fr\/app\/wp-json\/wp\/v2\/types\/product"}],"replies":[{"embeddable":true,"href":"https:\/\/streetmarkets.fr\/app\/wp-json\/wp\/v2\/comments?post=1275646"}],"wp:featuredmedia":[{"embeddable":true,"href":"https:\/\/streetmarkets.fr\/app\/wp-json\/wp\/v2\/media\/1275647"}],"wp:attachment":[{"href":"https:\/\/streetmarkets.fr\/app\/wp-json\/wp\/v2\/media?parent=1275646"}],"wp:term":[{"taxonomy":"product_brand","embeddable":true,"href":"https:\/\/streetmarkets.fr\/app\/wp-json\/wp\/v2\/product_brand?post=1275646"},{"taxonomy":"product_cat","embeddable":true,"href":"https:\/\/streetmarkets.fr\/app\/wp-json\/wp\/v2\/product_cat?post=1275646"},{"taxonomy":"product_tag","embeddable":true,"href":"https:\/\/streetmarkets.fr\/app\/wp-json\/wp\/v2\/product_tag?post=1275646"}],"curies":[{"name":"wp","href":"https:\/\/api.w.org\/{rel}","templated":true}]}}