{"id":1256252,"date":"2025-01-29T00:47:54","date_gmt":"2025-01-28T23:47:54","guid":{"rendered":"https:\/\/streetmarkets.fr\/app\/produit\/coffret-de-chaussettes-arcade-pour-homme-en-bambou\/"},"modified":"2026-05-11T01:43:52","modified_gmt":"2026-05-10T23:43:52","slug":"coffret-de-chaussettes-arcade-pour-homme-en-bambou","status":"publish","type":"product","link":"https:\/\/streetmarkets.fr\/app\/produit\/coffret-de-chaussettes-arcade-pour-homme-en-bambou\/","title":{"rendered":"Coffret de chaussettes Arcade pour homme en bambou"},"content":{"rendered":"<ul data-mce-fragment=\"1\">\n<li data-mce-fragment=\"1\">coffret de<strong data-mce-fragment=\"1\"><span data-mce-fragment=\"1\">\u00a0<\/span>4 paires<\/strong><span data-mce-fragment=\"1\">\u00a0<\/span>de chaussettes homme<\/li>\n<li data-mce-fragment=\"1\">motifs\u00a0<strong>jeux vid\u00e9o space invader<\/strong>\n<\/li>\n<li data-mce-fragment=\"1\">en<span data-mce-fragment=\"1\">\u00a0<\/span><strong data-mce-fragment=\"1\">bambou<\/strong>,<span data-mce-fragment=\"1\">\u00a0<\/span><strong data-mce-fragment=\"1\">coton bio<\/strong><span data-mce-fragment=\"1\">\u00a0<\/span>et<span data-mce-fragment=\"1\">\u00a0<\/span><strong data-mce-fragment=\"1\">polyester recycl\u00e9<\/strong>\n<\/li>\n<li data-mce-fragment=\"1\">tr\u00e8s confortable<\/li>\n<li data-mce-fragment=\"1\">\n<strong data-mce-fragment=\"1\">anti-bact\u00e9rien<\/strong><span data-mce-fragment=\"1\">\u00a0<\/span>et anti-fongique<\/li>\n<li data-mce-fragment=\"1\">taille<span data-mce-fragment=\"1\">\u00a0<\/span><strong data-mce-fragment=\"1\">unique<\/strong><span data-mce-fragment=\"1\">\u00a040\/44<\/span>\n<\/li>\n<li data-mce-fragment=\"1\">marque<span data-mce-fragment=\"1\">\u00a0<\/span><strong data-mce-fragment=\"1\">Thought<\/strong>\n<\/li>\n<li data-mce-fragment=\"1\">\n<strong data-mce-fragment=\"1\">best-seller<\/strong><span data-mce-fragment=\"1\">\u00a0<\/span>de la marque : id\u00e9e cadeau<\/li>\n<\/ul>\n","protected":false},"excerpt":{"rendered":"<p>coffret de\u00a04 paires\u00a0de chaussettes homme motifs\u00a0jeux vid\u00e9o space invader en\u00a0bambou,\u00a0coton bio\u00a0et\u00a0polyester recycl\u00e9 tr\u00e8s confortable anti-bact\u00e9rien\u00a0et anti-fongique taille\u00a0unique\u00a040\/44 marque\u00a0Thought best-seller\u00a0de la marque : id\u00e9e cadeau<\/p>\n","protected":false},"featured_media":1256253,"comment_status":"open","ping_status":"closed","template":"","meta":[],"product_brand":[],"product_cat":[1756,1760],"product_tag":[1810],"acf":[],"_links":{"self":[{"href":"https:\/\/streetmarkets.fr\/app\/wp-json\/wp\/v2\/product\/1256252"}],"collection":[{"href":"https:\/\/streetmarkets.fr\/app\/wp-json\/wp\/v2\/product"}],"about":[{"href":"https:\/\/streetmarkets.fr\/app\/wp-json\/wp\/v2\/types\/product"}],"replies":[{"embeddable":true,"href":"https:\/\/streetmarkets.fr\/app\/wp-json\/wp\/v2\/comments?post=1256252"}],"wp:featuredmedia":[{"embeddable":true,"href":"https:\/\/streetmarkets.fr\/app\/wp-json\/wp\/v2\/media\/1256253"}],"wp:attachment":[{"href":"https:\/\/streetmarkets.fr\/app\/wp-json\/wp\/v2\/media?parent=1256252"}],"wp:term":[{"taxonomy":"product_brand","embeddable":true,"href":"https:\/\/streetmarkets.fr\/app\/wp-json\/wp\/v2\/product_brand?post=1256252"},{"taxonomy":"product_cat","embeddable":true,"href":"https:\/\/streetmarkets.fr\/app\/wp-json\/wp\/v2\/product_cat?post=1256252"},{"taxonomy":"product_tag","embeddable":true,"href":"https:\/\/streetmarkets.fr\/app\/wp-json\/wp\/v2\/product_tag?post=1256252"}],"curies":[{"name":"wp","href":"https:\/\/api.w.org\/{rel}","templated":true}]}}