{"id":1255466,"date":"2025-01-28T06:34:24","date_gmt":"2025-01-28T05:34:24","guid":{"rendered":"https:\/\/streetmarkets.fr\/app\/produit\/grand-cabas-enswear-x-htc-pour-colette\/"},"modified":"2026-05-08T07:33:26","modified_gmt":"2026-05-08T05:33:26","slug":"grand-cabas-enswear-x-htc-pour-colette","status":"publish","type":"product","link":"https:\/\/streetmarkets.fr\/app\/produit\/grand-cabas-enswear-x-htc-pour-colette\/","title":{"rendered":"Grand cabas Enswear x HTC pour Colette"},"content":{"rendered":"<p>Collector ! Grand cabas Colette en cuir de vache blanc avec les deux ronds embl\u00e9matiques de la Maison Colette, 213 Rue Saint Honor\u00e9. Ce sac n\u00e9e d&#8217;une collaboration en 2017 entre la marque Enswear et HTC. Il est produit en deux tailles, chacune en \u00e9dition limit\u00e9e de 200 exemplaires. Un mod\u00e8le est expos\u00e9 au Mus\u00e9e de la Mode \u00e0 Paris. Etat neuf. Livr\u00e9 dans son dustbag.<\/p>\n","protected":false},"excerpt":{"rendered":"<p>Collector ! Grand cabas Colette en cuir de vache blanc avec les deux ronds embl\u00e9matiques de la Maison Colette, 213 Rue Saint Honor\u00e9. Ce sac n\u00e9e d&#8217;une collaboration en 2017 entre la marque Enswear et HTC. Il est produit en deux tailles, chacune en \u00e9dition limit\u00e9e de 200 exemplaires. Un mod\u00e8le est expos\u00e9 au Mus\u00e9e [&hellip;]<\/p>\n","protected":false},"featured_media":1255467,"comment_status":"open","ping_status":"closed","template":"","meta":[],"product_brand":[],"product_cat":[1756,1764],"product_tag":[2122],"acf":[],"_links":{"self":[{"href":"https:\/\/streetmarkets.fr\/app\/wp-json\/wp\/v2\/product\/1255466"}],"collection":[{"href":"https:\/\/streetmarkets.fr\/app\/wp-json\/wp\/v2\/product"}],"about":[{"href":"https:\/\/streetmarkets.fr\/app\/wp-json\/wp\/v2\/types\/product"}],"replies":[{"embeddable":true,"href":"https:\/\/streetmarkets.fr\/app\/wp-json\/wp\/v2\/comments?post=1255466"}],"wp:featuredmedia":[{"embeddable":true,"href":"https:\/\/streetmarkets.fr\/app\/wp-json\/wp\/v2\/media\/1255467"}],"wp:attachment":[{"href":"https:\/\/streetmarkets.fr\/app\/wp-json\/wp\/v2\/media?parent=1255466"}],"wp:term":[{"taxonomy":"product_brand","embeddable":true,"href":"https:\/\/streetmarkets.fr\/app\/wp-json\/wp\/v2\/product_brand?post=1255466"},{"taxonomy":"product_cat","embeddable":true,"href":"https:\/\/streetmarkets.fr\/app\/wp-json\/wp\/v2\/product_cat?post=1255466"},{"taxonomy":"product_tag","embeddable":true,"href":"https:\/\/streetmarkets.fr\/app\/wp-json\/wp\/v2\/product_tag?post=1255466"}],"curies":[{"name":"wp","href":"https:\/\/api.w.org\/{rel}","templated":true}]}}