{"id":1249885,"date":"2025-01-28T01:30:53","date_gmt":"2025-01-28T00:30:53","guid":{"rendered":"https:\/\/streetmarkets.fr\/app\/produit\/pull-col-rond-oversize-rond-s25-homme-storm-blue-mln\/"},"modified":"2025-10-02T01:58:39","modified_gmt":"2025-10-01T23:58:39","slug":"pull-col-rond-oversize-rond-s25-homme-storm-blue-mln","status":"publish","type":"product","link":"https:\/\/streetmarkets.fr\/app\/produit\/pull-col-rond-oversize-rond-s25-homme-storm-blue-mln\/","title":{"rendered":"Pull Col Rond Oversize (S25 \/ HOMME \/ Storm Blue Mln)"},"content":{"rendered":"<p>Ce pull long se distingue par une maille moulin\u00e9e confectionn\u00e9e en cachemire 8 fils. Avec un col rond et des manches longues, il d\u00e9voile une coupe oversize d\u00e9contract\u00e9e. Compl\u00e9tez votre look avec un pantalon droit ou un jogging large.<\/p>\n<p>&#8211; Pull long en cachemire 8 fils certifi\u00e9 GCS\u00ae Homme<br \/>\n<br \/>&#8211; C\u00f4tel\u00e9<br \/>\n<br \/>&#8211; Col rond<br \/>\n<br \/>&#8211; Manches longues<br \/>\n<br \/>&#8211; Bords c\u00f4tel\u00e9s<br \/>\n<br \/>&#8211; Coupe oversize<br \/>\n<br \/>&#8211; The Good Cashmere Standard\u00ae (GCS) is an independent standard for sustainable cashmere, that aims to improve the welfare of cashmere goats, the working conditions of farmers and to protect the environment.<\/p>\n","protected":false},"excerpt":{"rendered":"<p>Ce pull long se distingue par une maille moulin\u00e9e confectionn\u00e9e en cachemire 8 fils. Avec un col rond et des manches longues, il d\u00e9voile une coupe oversize d\u00e9contract\u00e9e. Compl\u00e9tez votre look avec un pantalon droit ou un jogging large. &#8211; Pull long en cachemire 8 fils certifi\u00e9 GCS\u00ae Homme &#8211; C\u00f4tel\u00e9 &#8211; Col rond &#8211; [&hellip;]<\/p>\n","protected":false},"featured_media":1249886,"comment_status":"open","ping_status":"closed","template":"","meta":[],"product_brand":[6868],"product_cat":[1756,1758],"product_tag":[2244],"acf":[],"_links":{"self":[{"href":"https:\/\/streetmarkets.fr\/app\/wp-json\/wp\/v2\/product\/1249885"}],"collection":[{"href":"https:\/\/streetmarkets.fr\/app\/wp-json\/wp\/v2\/product"}],"about":[{"href":"https:\/\/streetmarkets.fr\/app\/wp-json\/wp\/v2\/types\/product"}],"replies":[{"embeddable":true,"href":"https:\/\/streetmarkets.fr\/app\/wp-json\/wp\/v2\/comments?post=1249885"}],"wp:featuredmedia":[{"embeddable":true,"href":"https:\/\/streetmarkets.fr\/app\/wp-json\/wp\/v2\/media\/1249886"}],"wp:attachment":[{"href":"https:\/\/streetmarkets.fr\/app\/wp-json\/wp\/v2\/media?parent=1249885"}],"wp:term":[{"taxonomy":"product_brand","embeddable":true,"href":"https:\/\/streetmarkets.fr\/app\/wp-json\/wp\/v2\/product_brand?post=1249885"},{"taxonomy":"product_cat","embeddable":true,"href":"https:\/\/streetmarkets.fr\/app\/wp-json\/wp\/v2\/product_cat?post=1249885"},{"taxonomy":"product_tag","embeddable":true,"href":"https:\/\/streetmarkets.fr\/app\/wp-json\/wp\/v2\/product_tag?post=1249885"}],"curies":[{"name":"wp","href":"https:\/\/api.w.org\/{rel}","templated":true}]}}