{"id":1249728,"date":"2025-01-28T01:01:25","date_gmt":"2025-01-28T00:01:25","guid":{"rendered":"https:\/\/streetmarkets.fr\/app\/produit\/sandales-464-old-metal-gold\/"},"modified":"2025-01-28T01:01:34","modified_gmt":"2025-01-28T00:01:34","slug":"sandales-464-old-metal-gold","status":"publish","type":"product","link":"https:\/\/streetmarkets.fr\/app\/produit\/sandales-464-old-metal-gold\/","title":{"rendered":"sandales 464 old metal gold"},"content":{"rendered":"<p>sandales confortables dor\u00e9es et plates\u00a0<\/p>\n<\/p>\n<p>. d\u00e9tails : sandales \u00e0 bout rond . deux brides crois\u00e9es . emplacement pour le pouce\u00a0<\/p>\n<p>. composition : cuir . semelle ext\u00e9rieure li\u00e8ge\u00a0<\/p>\n<p>. conseils d&#8217;entretien : \u00e0 imperm\u00e9abiliser avant usage\u00a0<\/p>\n<\/p>\n<p>Fabrication \u00e0 la main dans leur atelier situ\u00e9 en r\u00e9gion nantaise\u00a0<\/p>\n","protected":false},"excerpt":{"rendered":"<p>sandales confortables dor\u00e9es et plates\u00a0 . d\u00e9tails : sandales \u00e0 bout rond . deux brides crois\u00e9es . emplacement pour le pouce\u00a0 . composition : cuir . semelle ext\u00e9rieure li\u00e8ge\u00a0 . conseils d&#8217;entretien : \u00e0 imperm\u00e9abiliser avant usage\u00a0 Fabrication \u00e0 la main dans leur atelier situ\u00e9 en r\u00e9gion nantaise\u00a0<\/p>\n","protected":false},"featured_media":1249729,"comment_status":"open","ping_status":"closed","template":"","meta":[],"product_brand":[],"product_cat":[1756,1763],"product_tag":[2244],"acf":[],"_links":{"self":[{"href":"https:\/\/streetmarkets.fr\/app\/wp-json\/wp\/v2\/product\/1249728"}],"collection":[{"href":"https:\/\/streetmarkets.fr\/app\/wp-json\/wp\/v2\/product"}],"about":[{"href":"https:\/\/streetmarkets.fr\/app\/wp-json\/wp\/v2\/types\/product"}],"replies":[{"embeddable":true,"href":"https:\/\/streetmarkets.fr\/app\/wp-json\/wp\/v2\/comments?post=1249728"}],"wp:featuredmedia":[{"embeddable":true,"href":"https:\/\/streetmarkets.fr\/app\/wp-json\/wp\/v2\/media\/1249729"}],"wp:attachment":[{"href":"https:\/\/streetmarkets.fr\/app\/wp-json\/wp\/v2\/media?parent=1249728"}],"wp:term":[{"taxonomy":"product_brand","embeddable":true,"href":"https:\/\/streetmarkets.fr\/app\/wp-json\/wp\/v2\/product_brand?post=1249728"},{"taxonomy":"product_cat","embeddable":true,"href":"https:\/\/streetmarkets.fr\/app\/wp-json\/wp\/v2\/product_cat?post=1249728"},{"taxonomy":"product_tag","embeddable":true,"href":"https:\/\/streetmarkets.fr\/app\/wp-json\/wp\/v2\/product_tag?post=1249728"}],"curies":[{"name":"wp","href":"https:\/\/api.w.org\/{rel}","templated":true}]}}