{"id":1235402,"date":"2025-01-26T00:17:44","date_gmt":"2025-01-25T23:17:44","guid":{"rendered":"https:\/\/streetmarkets.fr\/app\/produit\/chaussettes-berthe-la-green\/"},"modified":"2025-11-24T00:18:25","modified_gmt":"2025-11-23T23:18:25","slug":"chaussettes-berthe-la-green","status":"publish","type":"product","link":"https:\/\/streetmarkets.fr\/app\/produit\/chaussettes-berthe-la-green\/","title":{"rendered":"Soquettes Berthe la green"},"content":{"rendered":"<p>Une paire de soquettes comme on les aime : <strong>douces, respirantes et bien finies<\/strong>. Fabriqu\u00e9es en France, au c\u0153ur du Tarn, elles sont <strong>remaill\u00e9es \u00e0 la main<\/strong> pour des coutures nettes et un confort durable dans la chaussure.<\/p>\n<p>Sa composition majoritairement en <strong>coton peign\u00e9 (80 %)<\/strong> apporte une agr\u00e9able douceur et une bonne a\u00e9ration du pied, tandis que l\u2019\u00e9lasthanne assure le <strong>maintien sans serrer<\/strong>. La taille unique 36\u201341 s\u2019adapte \u00e0 la plupart des pieds f\u00e9minins.<\/p>\n<p>Pour les journ\u00e9es bien remplies, avec des baskets, des derbies ou des bottines, ces <strong>chaussettes courtes femme made in France<\/strong> sont un basique fiable et une belle id\u00e9e de <strong>cadeau \u00e9thique<\/strong> et utile.<\/p>\n","protected":false},"excerpt":{"rendered":"<p>Une paire de soquettes comme on les aime : douces, respirantes et bien finies. Fabriqu\u00e9es en France, au c\u0153ur du Tarn, elles sont remaill\u00e9es \u00e0 la main pour des coutures nettes et un confort durable dans la chaussure. Sa composition majoritairement en coton peign\u00e9 (80 %) apporte une agr\u00e9able douceur et une bonne a\u00e9ration du [&hellip;]<\/p>\n","protected":false},"featured_media":1235403,"comment_status":"open","ping_status":"closed","template":"","meta":[],"product_brand":[],"product_cat":[1756,1764],"product_tag":[1810],"acf":[],"_links":{"self":[{"href":"https:\/\/streetmarkets.fr\/app\/wp-json\/wp\/v2\/product\/1235402"}],"collection":[{"href":"https:\/\/streetmarkets.fr\/app\/wp-json\/wp\/v2\/product"}],"about":[{"href":"https:\/\/streetmarkets.fr\/app\/wp-json\/wp\/v2\/types\/product"}],"replies":[{"embeddable":true,"href":"https:\/\/streetmarkets.fr\/app\/wp-json\/wp\/v2\/comments?post=1235402"}],"wp:featuredmedia":[{"embeddable":true,"href":"https:\/\/streetmarkets.fr\/app\/wp-json\/wp\/v2\/media\/1235403"}],"wp:attachment":[{"href":"https:\/\/streetmarkets.fr\/app\/wp-json\/wp\/v2\/media?parent=1235402"}],"wp:term":[{"taxonomy":"product_brand","embeddable":true,"href":"https:\/\/streetmarkets.fr\/app\/wp-json\/wp\/v2\/product_brand?post=1235402"},{"taxonomy":"product_cat","embeddable":true,"href":"https:\/\/streetmarkets.fr\/app\/wp-json\/wp\/v2\/product_cat?post=1235402"},{"taxonomy":"product_tag","embeddable":true,"href":"https:\/\/streetmarkets.fr\/app\/wp-json\/wp\/v2\/product_tag?post=1235402"}],"curies":[{"name":"wp","href":"https:\/\/api.w.org\/{rel}","templated":true}]}}