{"id":1235323,"date":"2025-01-26T00:14:30","date_gmt":"2025-01-25T23:14:30","guid":{"rendered":"https:\/\/streetmarkets.fr\/app\/produit\/chaussettes-josette-make-a-wish-doree\/"},"modified":"2025-11-24T00:15:51","modified_gmt":"2025-11-23T23:15:51","slug":"chaussettes-josette-make-a-wish-doree","status":"publish","type":"product","link":"https:\/\/streetmarkets.fr\/app\/produit\/chaussettes-josette-make-a-wish-doree\/","title":{"rendered":"Chaussettes Josette Make A Wish &#8211; Dor\u00e9e"},"content":{"rendered":"<p>Une paire dor\u00e9e qui fait son effet sans en faire trop. Tricot\u00e9es en France, au c\u0153ur du Tarn, et remaill\u00e9es \u00e0 la main, ces chaussettes m\u00ealent douceur du coton peign\u00e9 et l\u00e9g\u00e8ret\u00e9 d\u2019un fil lurex qui capte joliment la lumi\u00e8re. Elles tiennent bien en place gr\u00e2ce \u00e0 une touche d\u2019\u00e9lasthanne, et restent confortables toute la journ\u00e9e. Taille unique 36-40, parfaites pour glisser une note chic dans un look du quotidien ou pour une tenue habill\u00e9e.<\/p>\n","protected":false},"excerpt":{"rendered":"<p>Une paire dor\u00e9e qui fait son effet sans en faire trop. Tricot\u00e9es en France, au c\u0153ur du Tarn, et remaill\u00e9es \u00e0 la main, ces chaussettes m\u00ealent douceur du coton peign\u00e9 et l\u00e9g\u00e8ret\u00e9 d\u2019un fil lurex qui capte joliment la lumi\u00e8re. Elles tiennent bien en place gr\u00e2ce \u00e0 une touche d\u2019\u00e9lasthanne, et restent confortables toute la [&hellip;]<\/p>\n","protected":false},"featured_media":1235324,"comment_status":"open","ping_status":"closed","template":"","meta":[],"product_brand":[],"product_cat":[1756,1764],"product_tag":[1810],"acf":[],"_links":{"self":[{"href":"https:\/\/streetmarkets.fr\/app\/wp-json\/wp\/v2\/product\/1235323"}],"collection":[{"href":"https:\/\/streetmarkets.fr\/app\/wp-json\/wp\/v2\/product"}],"about":[{"href":"https:\/\/streetmarkets.fr\/app\/wp-json\/wp\/v2\/types\/product"}],"replies":[{"embeddable":true,"href":"https:\/\/streetmarkets.fr\/app\/wp-json\/wp\/v2\/comments?post=1235323"}],"wp:featuredmedia":[{"embeddable":true,"href":"https:\/\/streetmarkets.fr\/app\/wp-json\/wp\/v2\/media\/1235324"}],"wp:attachment":[{"href":"https:\/\/streetmarkets.fr\/app\/wp-json\/wp\/v2\/media?parent=1235323"}],"wp:term":[{"taxonomy":"product_brand","embeddable":true,"href":"https:\/\/streetmarkets.fr\/app\/wp-json\/wp\/v2\/product_brand?post=1235323"},{"taxonomy":"product_cat","embeddable":true,"href":"https:\/\/streetmarkets.fr\/app\/wp-json\/wp\/v2\/product_cat?post=1235323"},{"taxonomy":"product_tag","embeddable":true,"href":"https:\/\/streetmarkets.fr\/app\/wp-json\/wp\/v2\/product_tag?post=1235323"}],"curies":[{"name":"wp","href":"https:\/\/api.w.org\/{rel}","templated":true}]}}