{"id":1228971,"date":"2025-01-25T01:13:14","date_gmt":"2025-01-25T00:13:14","guid":{"rendered":"https:\/\/streetmarkets.fr\/app\/produit\/pull-col-v-bandes-bicolores-manches-s25-femme-ecru\/"},"modified":"2025-09-27T01:53:49","modified_gmt":"2025-09-26T23:53:49","slug":"pull-col-v-bandes-bicolores-manches-s25-femme-ecru","status":"publish","type":"product","link":"https:\/\/streetmarkets.fr\/app\/produit\/pull-col-v-bandes-bicolores-manches-s25-femme-ecru\/","title":{"rendered":"Pull Col V Bandes Bicolores Manches (S25 \/ FEMME \/ Ecru)"},"content":{"rendered":"<p>Confectionn\u00e9 en cachemire 4 fils, ce pull se distingue par des bandes bicolores aux manches, signatures de l&#8217;allure From Future. Un col V et des bords c\u00f4tel\u00e9s soulignent sa coupe courte. \u00c0 mixer avec une jupe fluide ou un pantalon structur\u00e9.<\/p>\n<p>&#8211; Pull court en cachemire 4 fils certifi\u00e9 GCS\u00ae Femme<br \/>\n<br \/>&#8211; Bandes bicolores<br \/>\n<br \/>&#8211; Col V<br \/>\n<br \/>&#8211; Manches longues<br \/>\n<br \/>&#8211; Bords c\u00f4tel\u00e9s<br \/>\n<br \/>&#8211; Coupe regular<br \/>\n<br \/>&#8211; Le Good Cashmere Standard\u00ae (GCS) est une norme ind\u00e9pendante pour un cachemire plus durable et plus responsable. Il vise \u00e0 am\u00e9liorer le bien-\u00eatre des ch\u00e8vres cachemire, les conditions de travail des \u00e9leveurs ainsi qu&#8217;\u00e0 prot\u00e9ger l&#8217;environnement.<\/p>\n","protected":false},"excerpt":{"rendered":"<p>Confectionn\u00e9 en cachemire 4 fils, ce pull se distingue par des bandes bicolores aux manches, signatures de l&#8217;allure From Future. Un col V et des bords c\u00f4tel\u00e9s soulignent sa coupe courte. \u00c0 mixer avec une jupe fluide ou un pantalon structur\u00e9. &#8211; Pull court en cachemire 4 fils certifi\u00e9 GCS\u00ae Femme &#8211; Bandes bicolores &#8211; [&hellip;]<\/p>\n","protected":false},"featured_media":1228972,"comment_status":"open","ping_status":"closed","template":"","meta":[],"product_brand":[6868],"product_cat":[1756,1762],"product_tag":[2244],"acf":[],"_links":{"self":[{"href":"https:\/\/streetmarkets.fr\/app\/wp-json\/wp\/v2\/product\/1228971"}],"collection":[{"href":"https:\/\/streetmarkets.fr\/app\/wp-json\/wp\/v2\/product"}],"about":[{"href":"https:\/\/streetmarkets.fr\/app\/wp-json\/wp\/v2\/types\/product"}],"replies":[{"embeddable":true,"href":"https:\/\/streetmarkets.fr\/app\/wp-json\/wp\/v2\/comments?post=1228971"}],"wp:featuredmedia":[{"embeddable":true,"href":"https:\/\/streetmarkets.fr\/app\/wp-json\/wp\/v2\/media\/1228972"}],"wp:attachment":[{"href":"https:\/\/streetmarkets.fr\/app\/wp-json\/wp\/v2\/media?parent=1228971"}],"wp:term":[{"taxonomy":"product_brand","embeddable":true,"href":"https:\/\/streetmarkets.fr\/app\/wp-json\/wp\/v2\/product_brand?post=1228971"},{"taxonomy":"product_cat","embeddable":true,"href":"https:\/\/streetmarkets.fr\/app\/wp-json\/wp\/v2\/product_cat?post=1228971"},{"taxonomy":"product_tag","embeddable":true,"href":"https:\/\/streetmarkets.fr\/app\/wp-json\/wp\/v2\/product_tag?post=1228971"}],"curies":[{"name":"wp","href":"https:\/\/api.w.org\/{rel}","templated":true}]}}