{"id":1228952,"date":"2025-01-25T01:13:07","date_gmt":"2025-01-25T00:13:07","guid":{"rendered":"https:\/\/streetmarkets.fr\/app\/produit\/pull-cardigan-s25-femme-bubble-gum-mln\/"},"modified":"2025-08-15T01:51:03","modified_gmt":"2025-08-14T23:51:03","slug":"pull-cardigan-s25-femme-bubble-gum-mln","status":"publish","type":"product","link":"https:\/\/streetmarkets.fr\/app\/produit\/pull-cardigan-s25-femme-bubble-gum-mln\/","title":{"rendered":"Pull Cardigan (S25 \/ FEMME \/ Bubble Gum Mln)"},"content":{"rendered":"<p>Confectionn\u00e9 en cachemire 4 fils, ce pull cardigan arbore une coupe courte et soign\u00e9e. Un col V, une fermeture boutonn\u00e9e et des manches longues conf\u00e8rent une \u00e9l\u00e9gance intemporelle. Un indispensable \u00e0 mixer avec une robe fluide ou un pantalon structur\u00e9.<\/p>\n<p>&#8211; Pull cardigan court en cachemire 4 fils certifi\u00e9 GCS\u00ae Femme<br \/>\n<br \/>&#8211; Col V<br \/>\n<br \/>&#8211; Fermeture boutonn\u00e9e<br \/>\n<br \/>&#8211; Manches longues<br \/>\n<br \/>&#8211; Bords c\u00f4tel\u00e9s<br \/>\n<br \/>&#8211; Coupe regular<br \/>\n<br \/>&#8211; Le Good Cashmere Standard\u00ae (GCS) est une norme ind\u00e9pendante pour un cachemire plus durable et plus responsable. Il vise \u00e0 am\u00e9liorer le bien-\u00eatre des ch\u00e8vres cachemire, les conditions de travail des \u00e9leveurs ainsi qu&#8217;\u00e0 prot\u00e9ger l&#8217;environnement.<\/p>\n","protected":false},"excerpt":{"rendered":"<p>Confectionn\u00e9 en cachemire 4 fils, ce pull cardigan arbore une coupe courte et soign\u00e9e. Un col V, une fermeture boutonn\u00e9e et des manches longues conf\u00e8rent une \u00e9l\u00e9gance intemporelle. Un indispensable \u00e0 mixer avec une robe fluide ou un pantalon structur\u00e9. &#8211; Pull cardigan court en cachemire 4 fils certifi\u00e9 GCS\u00ae Femme &#8211; Col V &#8211; [&hellip;]<\/p>\n","protected":false},"featured_media":1228953,"comment_status":"open","ping_status":"closed","template":"","meta":[],"product_brand":[6868],"product_cat":[1756,1762],"product_tag":[2244],"acf":[],"_links":{"self":[{"href":"https:\/\/streetmarkets.fr\/app\/wp-json\/wp\/v2\/product\/1228952"}],"collection":[{"href":"https:\/\/streetmarkets.fr\/app\/wp-json\/wp\/v2\/product"}],"about":[{"href":"https:\/\/streetmarkets.fr\/app\/wp-json\/wp\/v2\/types\/product"}],"replies":[{"embeddable":true,"href":"https:\/\/streetmarkets.fr\/app\/wp-json\/wp\/v2\/comments?post=1228952"}],"wp:featuredmedia":[{"embeddable":true,"href":"https:\/\/streetmarkets.fr\/app\/wp-json\/wp\/v2\/media\/1228953"}],"wp:attachment":[{"href":"https:\/\/streetmarkets.fr\/app\/wp-json\/wp\/v2\/media?parent=1228952"}],"wp:term":[{"taxonomy":"product_brand","embeddable":true,"href":"https:\/\/streetmarkets.fr\/app\/wp-json\/wp\/v2\/product_brand?post=1228952"},{"taxonomy":"product_cat","embeddable":true,"href":"https:\/\/streetmarkets.fr\/app\/wp-json\/wp\/v2\/product_cat?post=1228952"},{"taxonomy":"product_tag","embeddable":true,"href":"https:\/\/streetmarkets.fr\/app\/wp-json\/wp\/v2\/product_tag?post=1228952"}],"curies":[{"name":"wp","href":"https:\/\/api.w.org\/{rel}","templated":true}]}}