{"id":1228922,"date":"2025-01-25T01:12:46","date_gmt":"2025-01-25T00:12:46","guid":{"rendered":"https:\/\/streetmarkets.fr\/app\/produit\/pull-col-rond-future-s25-femme-black-mouline\/"},"modified":"2025-08-16T01:47:51","modified_gmt":"2025-08-15T23:47:51","slug":"pull-col-rond-future-s25-femme-black-mouline","status":"publish","type":"product","link":"https:\/\/streetmarkets.fr\/app\/produit\/pull-col-rond-future-s25-femme-black-mouline\/","title":{"rendered":"Pull Col Rond Future (S25 \/ FEMME \/ Black Moulin\u00e9)"},"content":{"rendered":"<p>Une signature &#8220;Future&#8221; s&#8217;invite sur ce pull court moulin\u00e9, confectionn\u00e9 en cachemire 4 fils. Dot\u00e9 d&#8217;un col rond et de manches longues, il d\u00e9voile des liser\u00e9s contrast\u00e9s et des bords c\u00f4tel\u00e9s. Cr\u00e9ez un look casual avec un jean et des sneakers.<\/p>\n<p>&#8211; Pull court en cachemire 4 fils certifi\u00e9 GCS\u00ae Femme<br \/>\n<br \/>&#8211; Inscription &#8220;Future&#8221;<br \/>\n<br \/>&#8211; Liser\u00e9s contrast\u00e9s<br \/>\n<br \/>&#8211; Col rond<br \/>\n<br \/>&#8211; Manches longues<br \/>\n<br \/>&#8211; Bords c\u00f4tel\u00e9s<br \/>\n<br \/>&#8211; Coupe regular<br \/>\n<br \/>&#8211; Le Good Cashmere Standard\u00ae (GCS) est une norme ind\u00e9pendante pour un cachemire plus durable et plus responsable. Il vise \u00e0 am\u00e9liorer le bien-\u00eatre des ch\u00e8vres cachemire, les conditions de travail des \u00e9leveurs ainsi qu&#8217;\u00e0 prot\u00e9ger l&#8217;environnement.<\/p>\n","protected":false},"excerpt":{"rendered":"<p>Une signature &#8220;Future&#8221; s&#8217;invite sur ce pull court moulin\u00e9, confectionn\u00e9 en cachemire 4 fils. Dot\u00e9 d&#8217;un col rond et de manches longues, il d\u00e9voile des liser\u00e9s contrast\u00e9s et des bords c\u00f4tel\u00e9s. Cr\u00e9ez un look casual avec un jean et des sneakers. &#8211; Pull court en cachemire 4 fils certifi\u00e9 GCS\u00ae Femme &#8211; Inscription &#8220;Future&#8221; &#8211; [&hellip;]<\/p>\n","protected":false},"featured_media":1228923,"comment_status":"open","ping_status":"closed","template":"","meta":[],"product_brand":[6868],"product_cat":[1756,1762],"product_tag":[2244],"acf":[],"_links":{"self":[{"href":"https:\/\/streetmarkets.fr\/app\/wp-json\/wp\/v2\/product\/1228922"}],"collection":[{"href":"https:\/\/streetmarkets.fr\/app\/wp-json\/wp\/v2\/product"}],"about":[{"href":"https:\/\/streetmarkets.fr\/app\/wp-json\/wp\/v2\/types\/product"}],"replies":[{"embeddable":true,"href":"https:\/\/streetmarkets.fr\/app\/wp-json\/wp\/v2\/comments?post=1228922"}],"wp:featuredmedia":[{"embeddable":true,"href":"https:\/\/streetmarkets.fr\/app\/wp-json\/wp\/v2\/media\/1228923"}],"wp:attachment":[{"href":"https:\/\/streetmarkets.fr\/app\/wp-json\/wp\/v2\/media?parent=1228922"}],"wp:term":[{"taxonomy":"product_brand","embeddable":true,"href":"https:\/\/streetmarkets.fr\/app\/wp-json\/wp\/v2\/product_brand?post=1228922"},{"taxonomy":"product_cat","embeddable":true,"href":"https:\/\/streetmarkets.fr\/app\/wp-json\/wp\/v2\/product_cat?post=1228922"},{"taxonomy":"product_tag","embeddable":true,"href":"https:\/\/streetmarkets.fr\/app\/wp-json\/wp\/v2\/product_tag?post=1228922"}],"curies":[{"name":"wp","href":"https:\/\/api.w.org\/{rel}","templated":true}]}}