{"id":1228914,"date":"2025-01-25T01:12:46","date_gmt":"2025-01-25T00:12:46","guid":{"rendered":"https:\/\/streetmarkets.fr\/app\/produit\/pull-gilet-zip-double-sens-s25-femme-disco-green\/"},"modified":"2025-09-01T01:48:56","modified_gmt":"2025-08-31T23:48:56","slug":"pull-gilet-zip-double-sens-s25-femme-disco-green","status":"publish","type":"product","link":"https:\/\/streetmarkets.fr\/app\/produit\/pull-gilet-zip-double-sens-s25-femme-disco-green\/","title":{"rendered":"Pull Gilet Zip Double Sens (S25 \/ FEMME \/ Disco Green)"},"content":{"rendered":"<p>Confectionn\u00e9 en cachemire 4 fils, ce pull gilet s\u2019illumine d\u2019un vert vibrant. Avec une coupe oversize, il d\u00e9voile une capuche, une fermeture zipp\u00e9e double sens et des manches longues.<\/p>\n<p>&#8211; Pull gilet en cachemire 4 fils certifi\u00e9 GCS\u00ae Femme<br \/>\n<br \/>&#8211; Capuche<br \/>\n<br \/>&#8211; Fermeture zipp\u00e9e \u00e0 double sens<br \/>\n<br \/>&#8211; Manches longues<br \/>\n<br \/>&#8211; Bords c\u00f4tel\u00e9s<br \/>\n<br \/>&#8211; Coupe oversize<br \/>\n<br \/>&#8211; Le Good Cashmere Standard\u00ae (GCS) est une norme ind\u00e9pendante pour un cachemire plus durable et plus responsable. Il vise \u00e0 am\u00e9liorer le bien-\u00eatre des ch\u00e8vres cachemire, les conditions de travail des \u00e9leveurs ainsi qu&#8217;\u00e0 prot\u00e9ger l&#8217;environnement.<\/p>\n","protected":false},"excerpt":{"rendered":"<p>Confectionn\u00e9 en cachemire 4 fils, ce pull gilet s\u2019illumine d\u2019un vert vibrant. Avec une coupe oversize, il d\u00e9voile une capuche, une fermeture zipp\u00e9e double sens et des manches longues. &#8211; Pull gilet en cachemire 4 fils certifi\u00e9 GCS\u00ae Femme &#8211; Capuche &#8211; Fermeture zipp\u00e9e \u00e0 double sens &#8211; Manches longues &#8211; Bords c\u00f4tel\u00e9s &#8211; Coupe [&hellip;]<\/p>\n","protected":false},"featured_media":1228915,"comment_status":"open","ping_status":"closed","template":"","meta":[],"product_brand":[6868],"product_cat":[1756,1762],"product_tag":[2244],"acf":[],"_links":{"self":[{"href":"https:\/\/streetmarkets.fr\/app\/wp-json\/wp\/v2\/product\/1228914"}],"collection":[{"href":"https:\/\/streetmarkets.fr\/app\/wp-json\/wp\/v2\/product"}],"about":[{"href":"https:\/\/streetmarkets.fr\/app\/wp-json\/wp\/v2\/types\/product"}],"replies":[{"embeddable":true,"href":"https:\/\/streetmarkets.fr\/app\/wp-json\/wp\/v2\/comments?post=1228914"}],"wp:featuredmedia":[{"embeddable":true,"href":"https:\/\/streetmarkets.fr\/app\/wp-json\/wp\/v2\/media\/1228915"}],"wp:attachment":[{"href":"https:\/\/streetmarkets.fr\/app\/wp-json\/wp\/v2\/media?parent=1228914"}],"wp:term":[{"taxonomy":"product_brand","embeddable":true,"href":"https:\/\/streetmarkets.fr\/app\/wp-json\/wp\/v2\/product_brand?post=1228914"},{"taxonomy":"product_cat","embeddable":true,"href":"https:\/\/streetmarkets.fr\/app\/wp-json\/wp\/v2\/product_cat?post=1228914"},{"taxonomy":"product_tag","embeddable":true,"href":"https:\/\/streetmarkets.fr\/app\/wp-json\/wp\/v2\/product_tag?post=1228914"}],"curies":[{"name":"wp","href":"https:\/\/api.w.org\/{rel}","templated":true}]}}