{"id":1228828,"date":"2025-01-25T01:06:58","date_gmt":"2025-01-25T00:06:58","guid":{"rendered":"https:\/\/streetmarkets.fr\/app\/produit\/nouveau-masscob-pull-palm-wood\/"},"modified":"2025-08-30T02:05:10","modified_gmt":"2025-08-30T00:05:10","slug":"nouveau-masscob-pull-palm-wood","status":"publish","type":"product","link":"https:\/\/streetmarkets.fr\/app\/produit\/nouveau-masscob-pull-palm-wood\/","title":{"rendered":"MASSCOB Pull Palm Wood ARTICLE POINT ROUGE !"},"content":{"rendered":"<p data-rte-preserve-empty=\"true\">Pull en col V, coupe ample, manches longues et poignets resserr\u00e9s, emmanchure large, m\u00e9lange coton et lin, souple et frais sur la peau.<\/p>\n<p data-rte-preserve-empty=\"true\">\n<p data-rte-preserve-empty=\"true\">D\u00e9tail : 65% lin, 35% coton biologique<\/p>\n","protected":false},"excerpt":{"rendered":"<p>Pull en col V, coupe ample, manches longues et poignets resserr\u00e9s, emmanchure large, m\u00e9lange coton et lin, souple et frais sur la peau. D\u00e9tail : 65% lin, 35% coton biologique<\/p>\n","protected":false},"featured_media":1228829,"comment_status":"open","ping_status":"closed","template":"","meta":[],"product_brand":[],"product_cat":[1756,1762],"product_tag":[2244],"acf":[],"_links":{"self":[{"href":"https:\/\/streetmarkets.fr\/app\/wp-json\/wp\/v2\/product\/1228828"}],"collection":[{"href":"https:\/\/streetmarkets.fr\/app\/wp-json\/wp\/v2\/product"}],"about":[{"href":"https:\/\/streetmarkets.fr\/app\/wp-json\/wp\/v2\/types\/product"}],"replies":[{"embeddable":true,"href":"https:\/\/streetmarkets.fr\/app\/wp-json\/wp\/v2\/comments?post=1228828"}],"wp:featuredmedia":[{"embeddable":true,"href":"https:\/\/streetmarkets.fr\/app\/wp-json\/wp\/v2\/media\/1228829"}],"wp:attachment":[{"href":"https:\/\/streetmarkets.fr\/app\/wp-json\/wp\/v2\/media?parent=1228828"}],"wp:term":[{"taxonomy":"product_brand","embeddable":true,"href":"https:\/\/streetmarkets.fr\/app\/wp-json\/wp\/v2\/product_brand?post=1228828"},{"taxonomy":"product_cat","embeddable":true,"href":"https:\/\/streetmarkets.fr\/app\/wp-json\/wp\/v2\/product_cat?post=1228828"},{"taxonomy":"product_tag","embeddable":true,"href":"https:\/\/streetmarkets.fr\/app\/wp-json\/wp\/v2\/product_tag?post=1228828"}],"curies":[{"name":"wp","href":"https:\/\/api.w.org\/{rel}","templated":true}]}}