{"id":1228804,"date":"2025-01-25T01:06:48","date_gmt":"2025-01-25T00:06:48","guid":{"rendered":"https:\/\/streetmarkets.fr\/app\/produit\/nouveau-masscob-chemise-xoroi-pool\/"},"modified":"2025-08-06T02:05:22","modified_gmt":"2025-08-06T00:05:22","slug":"nouveau-masscob-chemise-xoroi-pool","status":"publish","type":"product","link":"https:\/\/streetmarkets.fr\/app\/produit\/nouveau-masscob-chemise-xoroi-pool\/","title":{"rendered":"MASSCOB Chemise Xoroi Pool -30%"},"content":{"rendered":"<p data-rte-preserve-empty=\"true\">\n<p data-rte-preserve-empty=\"true\">Chemise \u00e0 carreaux en coton, coupe ample et droite, manches longues et poignets resserr\u00e9s, emmanchure large, douce et l\u00e9g\u00e8re.<\/p>\n<p data-rte-preserve-empty=\"true\">Sur la photo la chemise est port\u00e9 avec le pantalon Drach dans la couleur Ciel.<\/p>\n<p data-rte-preserve-empty=\"true\">\n<p data-rte-preserve-empty=\"true\">D\u00e9tail : 99% coton, 1% \u00e9lasthanne<\/p>\n","protected":false},"excerpt":{"rendered":"<p>Chemise \u00e0 carreaux en coton, coupe ample et droite, manches longues et poignets resserr\u00e9s, emmanchure large, douce et l\u00e9g\u00e8re. Sur la photo la chemise est port\u00e9 avec le pantalon Drach dans la couleur Ciel. D\u00e9tail : 99% coton, 1% \u00e9lasthanne<\/p>\n","protected":false},"featured_media":1228805,"comment_status":"open","ping_status":"closed","template":"","meta":[],"product_brand":[],"product_cat":[1756,1762],"product_tag":[2244],"acf":[],"_links":{"self":[{"href":"https:\/\/streetmarkets.fr\/app\/wp-json\/wp\/v2\/product\/1228804"}],"collection":[{"href":"https:\/\/streetmarkets.fr\/app\/wp-json\/wp\/v2\/product"}],"about":[{"href":"https:\/\/streetmarkets.fr\/app\/wp-json\/wp\/v2\/types\/product"}],"replies":[{"embeddable":true,"href":"https:\/\/streetmarkets.fr\/app\/wp-json\/wp\/v2\/comments?post=1228804"}],"wp:featuredmedia":[{"embeddable":true,"href":"https:\/\/streetmarkets.fr\/app\/wp-json\/wp\/v2\/media\/1228805"}],"wp:attachment":[{"href":"https:\/\/streetmarkets.fr\/app\/wp-json\/wp\/v2\/media?parent=1228804"}],"wp:term":[{"taxonomy":"product_brand","embeddable":true,"href":"https:\/\/streetmarkets.fr\/app\/wp-json\/wp\/v2\/product_brand?post=1228804"},{"taxonomy":"product_cat","embeddable":true,"href":"https:\/\/streetmarkets.fr\/app\/wp-json\/wp\/v2\/product_cat?post=1228804"},{"taxonomy":"product_tag","embeddable":true,"href":"https:\/\/streetmarkets.fr\/app\/wp-json\/wp\/v2\/product_tag?post=1228804"}],"curies":[{"name":"wp","href":"https:\/\/api.w.org\/{rel}","templated":true}]}}