{"id":1218128,"date":"2025-01-24T01:14:30","date_gmt":"2025-01-24T00:14:30","guid":{"rendered":"https:\/\/streetmarkets.fr\/app\/produit\/pull-col-rond-s25-femme-navy\/"},"modified":"2025-04-27T01:51:58","modified_gmt":"2025-04-26T23:51:58","slug":"pull-col-rond-s25-femme-navy","status":"publish","type":"product","link":"https:\/\/streetmarkets.fr\/app\/produit\/pull-col-rond-s25-femme-navy\/","title":{"rendered":"Pull Col Rond Bords Contrast\u00e9s (S25 \/ FEMME \/ Navy)"},"content":{"rendered":"<p>Confectionn\u00e9 en laine m\u00e9rinos 2 fils, ce pull arbore une coupe courte accentu\u00e9e par un bas contrast\u00e9. Muni d\u2019un col rond et de manches longues, il s\u2019adopte sans effort avec un jean d\u00e9contract\u00e9 ou une jupe structur\u00e9e.<\/p>\n<p>&#8211; Pull court en laine m\u00e9rinos 2 fils Femme<br \/>\n<br \/>&#8211; Col rond<br \/>\n<br \/>&#8211; Manches longues<br \/>\n<br \/>&#8211; Bas c\u00f4tel\u00e9 contrast\u00e9<br \/>\n<br \/>&#8211; Coupe regular<br \/>\n<br \/>&#8211; Laine m\u00e9rinos : respirante et thermor\u00e9gulatrice, elle peut \u00eatre port\u00e9e \u00e9t\u00e9 comme hiver<\/p>\n","protected":false},"excerpt":{"rendered":"<p>Confectionn\u00e9 en laine m\u00e9rinos 2 fils, ce pull arbore une coupe courte accentu\u00e9e par un bas contrast\u00e9. Muni d\u2019un col rond et de manches longues, il s\u2019adopte sans effort avec un jean d\u00e9contract\u00e9 ou une jupe structur\u00e9e. &#8211; Pull court en laine m\u00e9rinos 2 fils Femme &#8211; Col rond &#8211; Manches longues &#8211; Bas c\u00f4tel\u00e9 [&hellip;]<\/p>\n","protected":false},"featured_media":1218129,"comment_status":"open","ping_status":"closed","template":"","meta":[],"product_brand":[6868],"product_cat":[1756,1762],"product_tag":[2244],"acf":[],"_links":{"self":[{"href":"https:\/\/streetmarkets.fr\/app\/wp-json\/wp\/v2\/product\/1218128"}],"collection":[{"href":"https:\/\/streetmarkets.fr\/app\/wp-json\/wp\/v2\/product"}],"about":[{"href":"https:\/\/streetmarkets.fr\/app\/wp-json\/wp\/v2\/types\/product"}],"replies":[{"embeddable":true,"href":"https:\/\/streetmarkets.fr\/app\/wp-json\/wp\/v2\/comments?post=1218128"}],"wp:featuredmedia":[{"embeddable":true,"href":"https:\/\/streetmarkets.fr\/app\/wp-json\/wp\/v2\/media\/1218129"}],"wp:attachment":[{"href":"https:\/\/streetmarkets.fr\/app\/wp-json\/wp\/v2\/media?parent=1218128"}],"wp:term":[{"taxonomy":"product_brand","embeddable":true,"href":"https:\/\/streetmarkets.fr\/app\/wp-json\/wp\/v2\/product_brand?post=1218128"},{"taxonomy":"product_cat","embeddable":true,"href":"https:\/\/streetmarkets.fr\/app\/wp-json\/wp\/v2\/product_cat?post=1218128"},{"taxonomy":"product_tag","embeddable":true,"href":"https:\/\/streetmarkets.fr\/app\/wp-json\/wp\/v2\/product_tag?post=1218128"}],"curies":[{"name":"wp","href":"https:\/\/api.w.org\/{rel}","templated":true}]}}