{"id":1218108,"date":"2025-01-24T01:14:28","date_gmt":"2025-01-24T00:14:28","guid":{"rendered":"https:\/\/streetmarkets.fr\/app\/produit\/pull-hoodie-s25-femme-navy\/"},"modified":"2026-05-12T01:53:09","modified_gmt":"2026-05-11T23:53:09","slug":"pull-hoodie-s25-femme-navy","status":"publish","type":"product","link":"https:\/\/streetmarkets.fr\/app\/produit\/pull-hoodie-s25-femme-navy\/","title":{"rendered":"Pull Hoodie Bandes Multicolores (S25 \/ FEMME \/ Navy \/ RWS)"},"content":{"rendered":"<p>Une maille douce et moelleuse pour ce pull hoodie confectionn\u00e9 en laine m\u00e9rinos 2 fils. Muni d&#8217;une capuche et d&#8217;une fermeture zipp\u00e9e, des bandes multicolores s&#8217;invitent le long des manches, signatures de l&#8217;allure From Future. Compl\u00e9tez votre look avec un jean ample ou un pantalon droit.<\/p>\n<p>&#8211; Pull hoodie court en laine m\u00e9rinos 2 fils Femme <br \/>&#8211; Bandes multicolores <br \/>&#8211; Capuche \u00e0 cordons <br \/>&#8211; Fermeture zipp\u00e9e <br \/>&#8211; Manches longues <br \/>&#8211; Bords c\u00f4tel\u00e9s <br \/>&#8211; Coupe regular <br \/>&#8211; Laine m\u00e9rinos : respirante et thermor\u00e9gulatrice, elle peut \u00eatre port\u00e9e \u00e9t\u00e9 comme hiver<\/p>\n","protected":false},"excerpt":{"rendered":"<p>Une maille douce et moelleuse pour ce pull hoodie confectionn\u00e9 en laine m\u00e9rinos 2 fils. Muni d&#8217;une capuche et d&#8217;une fermeture zipp\u00e9e, des bandes multicolores s&#8217;invitent le long des manches, signatures de l&#8217;allure From Future. Compl\u00e9tez votre look avec un jean ample ou un pantalon droit. &#8211; Pull hoodie court en laine m\u00e9rinos 2 fils [&hellip;]<\/p>\n","protected":false},"featured_media":1218109,"comment_status":"open","ping_status":"closed","template":"","meta":[],"product_brand":[6868],"product_cat":[1756,1762],"product_tag":[2244],"acf":[],"_links":{"self":[{"href":"https:\/\/streetmarkets.fr\/app\/wp-json\/wp\/v2\/product\/1218108"}],"collection":[{"href":"https:\/\/streetmarkets.fr\/app\/wp-json\/wp\/v2\/product"}],"about":[{"href":"https:\/\/streetmarkets.fr\/app\/wp-json\/wp\/v2\/types\/product"}],"replies":[{"embeddable":true,"href":"https:\/\/streetmarkets.fr\/app\/wp-json\/wp\/v2\/comments?post=1218108"}],"wp:featuredmedia":[{"embeddable":true,"href":"https:\/\/streetmarkets.fr\/app\/wp-json\/wp\/v2\/media\/1218109"}],"wp:attachment":[{"href":"https:\/\/streetmarkets.fr\/app\/wp-json\/wp\/v2\/media?parent=1218108"}],"wp:term":[{"taxonomy":"product_brand","embeddable":true,"href":"https:\/\/streetmarkets.fr\/app\/wp-json\/wp\/v2\/product_brand?post=1218108"},{"taxonomy":"product_cat","embeddable":true,"href":"https:\/\/streetmarkets.fr\/app\/wp-json\/wp\/v2\/product_cat?post=1218108"},{"taxonomy":"product_tag","embeddable":true,"href":"https:\/\/streetmarkets.fr\/app\/wp-json\/wp\/v2\/product_tag?post=1218108"}],"curies":[{"name":"wp","href":"https:\/\/api.w.org\/{rel}","templated":true}]}}