{"id":1218085,"date":"2025-01-24T01:14:23","date_gmt":"2025-01-24T00:14:23","guid":{"rendered":"https:\/\/streetmarkets.fr\/app\/produit\/outerwear-veste-s25-femme-kaki\/"},"modified":"2025-10-02T01:58:37","modified_gmt":"2025-10-01T23:58:37","slug":"outerwear-veste-s25-femme-kaki","status":"publish","type":"product","link":"https:\/\/streetmarkets.fr\/app\/produit\/outerwear-veste-s25-femme-kaki\/","title":{"rendered":"Outerwear Veste (S25 \/ FEMME \/ Kaki)"},"content":{"rendered":"<p>Pi\u00e8ce indispensable de la saison, cette veste \u00e0 capuche offre une coupe ajust\u00e9e avec un bas \u00e9lastiqu\u00e9. Orn\u00e9e d&#8217;un patch signature, elle est munie d&#8217;une fermeture, deux poches \u00e0 rabat et des poignets \u00e0 boutons pression. <\/p>\n<p>&#8211; Veste Femme<br \/>\n<br \/>&#8211; Patch &#8220;From Future&#8221;<br \/>\n<br \/>&#8211; Capuche \u00e0 cordons<br \/>\n<br \/>&#8211; Fermeture \u00e0 boutons pression<br \/>\n<br \/>&#8211; 2 poches \u00e0 rabat<br \/>\n<br \/>&#8211; Manches longues<br \/>\n<br \/>&#8211; Poignets \u00e0 boutons pression<br \/>\n<br \/>&#8211; Bas \u00e0 cordons de serrage<br \/>\n<br \/>&#8211; Coupe regular<\/p>\n","protected":false},"excerpt":{"rendered":"<p>Pi\u00e8ce indispensable de la saison, cette veste \u00e0 capuche offre une coupe ajust\u00e9e avec un bas \u00e9lastiqu\u00e9. Orn\u00e9e d&#8217;un patch signature, elle est munie d&#8217;une fermeture, deux poches \u00e0 rabat et des poignets \u00e0 boutons pression. &#8211; Veste Femme &#8211; Patch &#8220;From Future&#8221; &#8211; Capuche \u00e0 cordons &#8211; Fermeture \u00e0 boutons pression &#8211; 2 poches [&hellip;]<\/p>\n","protected":false},"featured_media":1218086,"comment_status":"open","ping_status":"closed","template":"","meta":[],"product_brand":[6868],"product_cat":[1756,1762],"product_tag":[2244],"acf":[],"_links":{"self":[{"href":"https:\/\/streetmarkets.fr\/app\/wp-json\/wp\/v2\/product\/1218085"}],"collection":[{"href":"https:\/\/streetmarkets.fr\/app\/wp-json\/wp\/v2\/product"}],"about":[{"href":"https:\/\/streetmarkets.fr\/app\/wp-json\/wp\/v2\/types\/product"}],"replies":[{"embeddable":true,"href":"https:\/\/streetmarkets.fr\/app\/wp-json\/wp\/v2\/comments?post=1218085"}],"wp:featuredmedia":[{"embeddable":true,"href":"https:\/\/streetmarkets.fr\/app\/wp-json\/wp\/v2\/media\/1218086"}],"wp:attachment":[{"href":"https:\/\/streetmarkets.fr\/app\/wp-json\/wp\/v2\/media?parent=1218085"}],"wp:term":[{"taxonomy":"product_brand","embeddable":true,"href":"https:\/\/streetmarkets.fr\/app\/wp-json\/wp\/v2\/product_brand?post=1218085"},{"taxonomy":"product_cat","embeddable":true,"href":"https:\/\/streetmarkets.fr\/app\/wp-json\/wp\/v2\/product_cat?post=1218085"},{"taxonomy":"product_tag","embeddable":true,"href":"https:\/\/streetmarkets.fr\/app\/wp-json\/wp\/v2\/product_tag?post=1218085"}],"curies":[{"name":"wp","href":"https:\/\/api.w.org\/{rel}","templated":true}]}}