{"id":1218075,"date":"2025-01-24T01:14:22","date_gmt":"2025-01-24T00:14:22","guid":{"rendered":"https:\/\/streetmarkets.fr\/app\/produit\/pull-col-polo-s25-homme-navy\/"},"modified":"2025-10-02T01:58:37","modified_gmt":"2025-10-01T23:58:37","slug":"pull-col-polo-s25-homme-navy","status":"publish","type":"product","link":"https:\/\/streetmarkets.fr\/app\/produit\/pull-col-polo-s25-homme-navy\/","title":{"rendered":"Pull Col Polo Bandes (S25 \/ HOMME \/ Navy)"},"content":{"rendered":"<p>Le pull \u00e0 col polo se r\u00e9invente avec des bandes contrast\u00e9es sur les manches courtes, insufflant une allure sportive. Confectionn\u00e9 en cachemire 2 fils, il compl\u00e8te vos looks d\u00e9contract\u00e9s comme plus sophistiqu\u00e9s.<\/p>\n<p>&#8211; Pull en laine m\u00e9rinos 2 fils Homme<br \/>\n<br \/>&#8211; Col polo<br \/>\n<br \/>&#8211; Manches courtes \u00e0 bandes sportives<br \/>\n<br \/>&#8211; Bords c\u00f4tel\u00e9s<br \/>\n<br \/>&#8211; Coupe regular<br \/>\n<br \/>&#8211; Laine m\u00e9rinos : respirante et thermor\u00e9gulatrice, elle peut \u00eatre port\u00e9e \u00e9t\u00e9 comme hiver<\/p>\n","protected":false},"excerpt":{"rendered":"<p>Le pull \u00e0 col polo se r\u00e9invente avec des bandes contrast\u00e9es sur les manches courtes, insufflant une allure sportive. Confectionn\u00e9 en cachemire 2 fils, il compl\u00e8te vos looks d\u00e9contract\u00e9s comme plus sophistiqu\u00e9s. &#8211; Pull en laine m\u00e9rinos 2 fils Homme &#8211; Col polo &#8211; Manches courtes \u00e0 bandes sportives &#8211; Bords c\u00f4tel\u00e9s &#8211; Coupe regular [&hellip;]<\/p>\n","protected":false},"featured_media":1218076,"comment_status":"open","ping_status":"closed","template":"","meta":[],"product_brand":[6868],"product_cat":[1756,1758],"product_tag":[2244],"acf":[],"_links":{"self":[{"href":"https:\/\/streetmarkets.fr\/app\/wp-json\/wp\/v2\/product\/1218075"}],"collection":[{"href":"https:\/\/streetmarkets.fr\/app\/wp-json\/wp\/v2\/product"}],"about":[{"href":"https:\/\/streetmarkets.fr\/app\/wp-json\/wp\/v2\/types\/product"}],"replies":[{"embeddable":true,"href":"https:\/\/streetmarkets.fr\/app\/wp-json\/wp\/v2\/comments?post=1218075"}],"wp:featuredmedia":[{"embeddable":true,"href":"https:\/\/streetmarkets.fr\/app\/wp-json\/wp\/v2\/media\/1218076"}],"wp:attachment":[{"href":"https:\/\/streetmarkets.fr\/app\/wp-json\/wp\/v2\/media?parent=1218075"}],"wp:term":[{"taxonomy":"product_brand","embeddable":true,"href":"https:\/\/streetmarkets.fr\/app\/wp-json\/wp\/v2\/product_brand?post=1218075"},{"taxonomy":"product_cat","embeddable":true,"href":"https:\/\/streetmarkets.fr\/app\/wp-json\/wp\/v2\/product_cat?post=1218075"},{"taxonomy":"product_tag","embeddable":true,"href":"https:\/\/streetmarkets.fr\/app\/wp-json\/wp\/v2\/product_tag?post=1218075"}],"curies":[{"name":"wp","href":"https:\/\/api.w.org\/{rel}","templated":true}]}}