{"id":1218051,"date":"2025-01-24T01:14:21","date_gmt":"2025-01-24T00:14:21","guid":{"rendered":"https:\/\/streetmarkets.fr\/app\/produit\/pull-col-v-oversize-bandes-manches-light-s25-femme-gris-chine-clair\/"},"modified":"2026-04-26T01:54:20","modified_gmt":"2026-04-25T23:54:20","slug":"pull-col-v-oversize-bandes-manches-light-s25-femme-gris-chine-clair","status":"publish","type":"product","link":"https:\/\/streetmarkets.fr\/app\/produit\/pull-col-v-oversize-bandes-manches-light-s25-femme-gris-chine-clair\/","title":{"rendered":"Pull Col V Oversize Bandes (S26 \/ FEMME \/ Gris Chin\u00e9 Clair)"},"content":{"rendered":"<p>Une maille l\u00e9g\u00e8re et douce en cachemire 2 fils s&#8217;invite sur ce pull court et oversize. Muni de bords c\u00f4tel\u00e9s et d&#8217;un d\u00e9collet\u00e9 en V, il r\u00e9v\u00e8le des bandes bicolores le long des manches pour structurer la silhouette avec \u00e9l\u00e9gance. Avec ses teintes vibrantes, ponctuez votre allure avec une jupe satin\u00e9e ou un jean d\u00e9contract\u00e9. <\/p>\n<p>&#8211; Pull court en cachemire l\u00e9ger 2 fils certifi\u00e9 GCS\u00ae Femme<br \/>\n<br \/>&#8211; Bandes bicolores<br \/>\n<br \/>&#8211; Col V<br \/>\n<br \/>&#8211; Manches longues<br \/>\n<br \/>&#8211; Bords c\u00f4tel\u00e9s<br \/>\n<br \/>&#8211; Coupe oversize<br \/>\n<br \/>&#8211; Le Good Cashmere Standard\u00ae (GCS) est une norme ind\u00e9pendante pour un cachemire plus durable et plus responsable. Il vise \u00e0 am\u00e9liorer le bien-\u00eatre des ch\u00e8vres cachemire, les conditions de travail des \u00e9leveurs ainsi qu&#8217;\u00e0 prot\u00e9ger l&#8217;environnement.<\/p>\n","protected":false},"excerpt":{"rendered":"<p>Une maille l\u00e9g\u00e8re et douce en cachemire 2 fils s&#8217;invite sur ce pull court et oversize. Muni de bords c\u00f4tel\u00e9s et d&#8217;un d\u00e9collet\u00e9 en V, il r\u00e9v\u00e8le des bandes bicolores le long des manches pour structurer la silhouette avec \u00e9l\u00e9gance. Avec ses teintes vibrantes, ponctuez votre allure avec une jupe satin\u00e9e ou un jean d\u00e9contract\u00e9. [&hellip;]<\/p>\n","protected":false},"featured_media":1218052,"comment_status":"open","ping_status":"closed","template":"","meta":[],"product_brand":[6868],"product_cat":[1756,1762],"product_tag":[2244],"acf":[],"_links":{"self":[{"href":"https:\/\/streetmarkets.fr\/app\/wp-json\/wp\/v2\/product\/1218051"}],"collection":[{"href":"https:\/\/streetmarkets.fr\/app\/wp-json\/wp\/v2\/product"}],"about":[{"href":"https:\/\/streetmarkets.fr\/app\/wp-json\/wp\/v2\/types\/product"}],"replies":[{"embeddable":true,"href":"https:\/\/streetmarkets.fr\/app\/wp-json\/wp\/v2\/comments?post=1218051"}],"wp:featuredmedia":[{"embeddable":true,"href":"https:\/\/streetmarkets.fr\/app\/wp-json\/wp\/v2\/media\/1218052"}],"wp:attachment":[{"href":"https:\/\/streetmarkets.fr\/app\/wp-json\/wp\/v2\/media?parent=1218051"}],"wp:term":[{"taxonomy":"product_brand","embeddable":true,"href":"https:\/\/streetmarkets.fr\/app\/wp-json\/wp\/v2\/product_brand?post=1218051"},{"taxonomy":"product_cat","embeddable":true,"href":"https:\/\/streetmarkets.fr\/app\/wp-json\/wp\/v2\/product_cat?post=1218051"},{"taxonomy":"product_tag","embeddable":true,"href":"https:\/\/streetmarkets.fr\/app\/wp-json\/wp\/v2\/product_tag?post=1218051"}],"curies":[{"name":"wp","href":"https:\/\/api.w.org\/{rel}","templated":true}]}}