{"id":1218034,"date":"2025-01-24T01:14:19","date_gmt":"2025-01-24T00:14:19","guid":{"rendered":"https:\/\/streetmarkets.fr\/app\/produit\/pull-hoodie-oversize-liserets-contrastes-s25-femme-tropical-taupe\/"},"modified":"2025-08-20T01:47:23","modified_gmt":"2025-08-19T23:47:23","slug":"pull-hoodie-oversize-liserets-contrastes-s25-femme-tropical-taupe","status":"publish","type":"product","link":"https:\/\/streetmarkets.fr\/app\/produit\/pull-hoodie-oversize-liserets-contrastes-s25-femme-tropical-taupe\/","title":{"rendered":"Pull Hoodie Oversize Liser\u00e9s Contrastes (S25 \/ FEMME \/ Tropical Taupe)"},"content":{"rendered":"<p>Confectionn\u00e9 en cachemire 2 fils, ce pull hoodie court et oversize est rehauss\u00e9 de liser\u00e9s contrast\u00e9s sur les bords et la capuche. \u00c0 mixer avec un pantalon large ou un jean structur\u00e9 pour un look d\u00e9contract\u00e9.<\/p>\n<p>&#8211; Pull hoodie court en cachemire 2 fils certifi\u00e9 GCS\u00ae Femme <br \/>&#8211; Liser\u00e9s contrast\u00e9s <br \/>&#8211; Capuche \u00e0 cordons <br \/>&#8211; Manches longues <br \/>&#8211; Coupe oversize <br \/>&#8211; Le Good Cashmere Standard\u00ae (GCS) est une norme ind\u00e9pendante pour un cachemire plus durable et plus responsable. Il vise \u00e0 am\u00e9liorer le bien-\u00eatre des ch\u00e8vres cachemire, les conditions de travail des \u00e9leveurs ainsi qu&#8217;\u00e0 prot\u00e9ger l&#8217;environnement.<\/p>\n","protected":false},"excerpt":{"rendered":"<p>Confectionn\u00e9 en cachemire 2 fils, ce pull hoodie court et oversize est rehauss\u00e9 de liser\u00e9s contrast\u00e9s sur les bords et la capuche. \u00c0 mixer avec un pantalon large ou un jean structur\u00e9 pour un look d\u00e9contract\u00e9. &#8211; Pull hoodie court en cachemire 2 fils certifi\u00e9 GCS\u00ae Femme &#8211; Liser\u00e9s contrast\u00e9s &#8211; Capuche \u00e0 cordons &#8211; [&hellip;]<\/p>\n","protected":false},"featured_media":1218035,"comment_status":"open","ping_status":"closed","template":"","meta":[],"product_brand":[6868],"product_cat":[1756,1762],"product_tag":[2244],"acf":[],"_links":{"self":[{"href":"https:\/\/streetmarkets.fr\/app\/wp-json\/wp\/v2\/product\/1218034"}],"collection":[{"href":"https:\/\/streetmarkets.fr\/app\/wp-json\/wp\/v2\/product"}],"about":[{"href":"https:\/\/streetmarkets.fr\/app\/wp-json\/wp\/v2\/types\/product"}],"replies":[{"embeddable":true,"href":"https:\/\/streetmarkets.fr\/app\/wp-json\/wp\/v2\/comments?post=1218034"}],"wp:featuredmedia":[{"embeddable":true,"href":"https:\/\/streetmarkets.fr\/app\/wp-json\/wp\/v2\/media\/1218035"}],"wp:attachment":[{"href":"https:\/\/streetmarkets.fr\/app\/wp-json\/wp\/v2\/media?parent=1218034"}],"wp:term":[{"taxonomy":"product_brand","embeddable":true,"href":"https:\/\/streetmarkets.fr\/app\/wp-json\/wp\/v2\/product_brand?post=1218034"},{"taxonomy":"product_cat","embeddable":true,"href":"https:\/\/streetmarkets.fr\/app\/wp-json\/wp\/v2\/product_cat?post=1218034"},{"taxonomy":"product_tag","embeddable":true,"href":"https:\/\/streetmarkets.fr\/app\/wp-json\/wp\/v2\/product_tag?post=1218034"}],"curies":[{"name":"wp","href":"https:\/\/api.w.org\/{rel}","templated":true}]}}