{"id":1217999,"date":"2025-01-24T01:14:17","date_gmt":"2025-01-24T00:14:17","guid":{"rendered":"https:\/\/streetmarkets.fr\/app\/produit\/top-manches-longues-dos-nu-s25-femme-chocolat\/"},"modified":"2025-10-02T01:58:11","modified_gmt":"2025-10-01T23:58:11","slug":"top-manches-longues-dos-nu-s25-femme-chocolat","status":"publish","type":"product","link":"https:\/\/streetmarkets.fr\/app\/produit\/top-manches-longues-dos-nu-s25-femme-chocolat\/","title":{"rendered":"Top Manches Longues Dos Nu (S25 \/ FEMME \/ Chocolat)"},"content":{"rendered":"<p>Ce top court et ajust\u00e9 d\u00e9voile un dos nu renversant, orn\u00e9 d&#8217;une fermeture bijou dor\u00e9 &#8220;FF&#8221;. Confectionn\u00e9 en cachemire 2 fils, il est muni d&#8217;un col rond, de manches longues et de bords c\u00f4tel\u00e9s. Pi\u00e8ce versatile, elle s&#8217;associe \u00e0 une jupe soyeuse ou un pantalon de tailleur pour un look chic sans effort.<\/p>\n<p>&#8211; Top court en cachemire 2 fils certifi\u00e9 GCS\u00ae Femme <br \/>&#8211; Dos nu \u00e0 fermeture bijou dor\u00e9 &#8220;FF&#8221; <br \/>&#8211; Col rond <br \/>&#8211; Manches longues <br \/>&#8211; Bords c\u00f4tel\u00e9s <br \/>&#8211; Coupe slim <br \/>&#8211; Le Good Cashmere Standard\u00ae (GCS) est une norme ind\u00e9pendante pour un cachemire plus durable et plus responsable. Il vise \u00e0 am\u00e9liorer le bien-\u00eatre des ch\u00e8vres cachemire, les conditions de travail des \u00e9leveurs ainsi qu&#8217;\u00e0 prot\u00e9ger l&#8217;environnement.<\/p>\n","protected":false},"excerpt":{"rendered":"<p>Ce top court et ajust\u00e9 d\u00e9voile un dos nu renversant, orn\u00e9 d&#8217;une fermeture bijou dor\u00e9 &#8220;FF&#8221;. Confectionn\u00e9 en cachemire 2 fils, il est muni d&#8217;un col rond, de manches longues et de bords c\u00f4tel\u00e9s. Pi\u00e8ce versatile, elle s&#8217;associe \u00e0 une jupe soyeuse ou un pantalon de tailleur pour un look chic sans effort. &#8211; Top [&hellip;]<\/p>\n","protected":false},"featured_media":1218000,"comment_status":"open","ping_status":"closed","template":"","meta":[],"product_brand":[6868],"product_cat":[1756,1762],"product_tag":[2244],"acf":[],"_links":{"self":[{"href":"https:\/\/streetmarkets.fr\/app\/wp-json\/wp\/v2\/product\/1217999"}],"collection":[{"href":"https:\/\/streetmarkets.fr\/app\/wp-json\/wp\/v2\/product"}],"about":[{"href":"https:\/\/streetmarkets.fr\/app\/wp-json\/wp\/v2\/types\/product"}],"replies":[{"embeddable":true,"href":"https:\/\/streetmarkets.fr\/app\/wp-json\/wp\/v2\/comments?post=1217999"}],"wp:featuredmedia":[{"embeddable":true,"href":"https:\/\/streetmarkets.fr\/app\/wp-json\/wp\/v2\/media\/1218000"}],"wp:attachment":[{"href":"https:\/\/streetmarkets.fr\/app\/wp-json\/wp\/v2\/media?parent=1217999"}],"wp:term":[{"taxonomy":"product_brand","embeddable":true,"href":"https:\/\/streetmarkets.fr\/app\/wp-json\/wp\/v2\/product_brand?post=1217999"},{"taxonomy":"product_cat","embeddable":true,"href":"https:\/\/streetmarkets.fr\/app\/wp-json\/wp\/v2\/product_cat?post=1217999"},{"taxonomy":"product_tag","embeddable":true,"href":"https:\/\/streetmarkets.fr\/app\/wp-json\/wp\/v2\/product_tag?post=1217999"}],"curies":[{"name":"wp","href":"https:\/\/api.w.org\/{rel}","templated":true}]}}