{"id":1217980,"date":"2025-01-24T01:14:16","date_gmt":"2025-01-24T00:14:16","guid":{"rendered":"https:\/\/streetmarkets.fr\/app\/produit\/pull-col-rond-torsades-et-fil-contraste-s25-femme-gris-chine-fonce\/"},"modified":"2025-10-02T01:58:11","modified_gmt":"2025-10-01T23:58:11","slug":"pull-col-rond-torsades-et-fil-contraste-s25-femme-gris-chine-fonce","status":"publish","type":"product","link":"https:\/\/streetmarkets.fr\/app\/produit\/pull-col-rond-torsades-et-fil-contraste-s25-femme-gris-chine-fonce\/","title":{"rendered":"Pull Col Rond Torsades Et Fil Contraste (S25 \/ FEMME \/ Gris Chin\u00e9 Fonc\u00e9)"},"content":{"rendered":"<p>Confectionn\u00e9 en cachemire 4 fils, ce pull court adopte un jeu de torsades bicolores. Avec un col rond et des manches longues, il s\u2019associe \u00e0 votre denim pr\u00e9f\u00e9r\u00e9.<\/p>\n<p>&#8211; Pull court en cachemire 4 fils certifi\u00e9 GCS\u00ae Femme<br \/>\n<br \/>&#8211; Torsades bicolores<br \/>\n<br \/>&#8211; Col rond<br \/>\n<br \/>&#8211; Manches longues<br \/>\n<br \/>&#8211; Bords c\u00f4tel\u00e9s<br \/>\n<br \/>&#8211; Coupe regular<br \/>\n<br \/>&#8211; Le Good Cashmere Standard\u00ae (GCS) est une norme ind\u00e9pendante pour un cachemire plus durable et plus responsable. Il vise \u00e0 am\u00e9liorer le bien-\u00eatre des ch\u00e8vres cachemire, les conditions de travail des \u00e9leveurs ainsi qu&#8217;\u00e0 prot\u00e9ger l&#8217;environnement.<\/p>\n","protected":false},"excerpt":{"rendered":"<p>Confectionn\u00e9 en cachemire 4 fils, ce pull court adopte un jeu de torsades bicolores. Avec un col rond et des manches longues, il s\u2019associe \u00e0 votre denim pr\u00e9f\u00e9r\u00e9. &#8211; Pull court en cachemire 4 fils certifi\u00e9 GCS\u00ae Femme &#8211; Torsades bicolores &#8211; Col rond &#8211; Manches longues &#8211; Bords c\u00f4tel\u00e9s &#8211; Coupe regular &#8211; Le [&hellip;]<\/p>\n","protected":false},"featured_media":1217981,"comment_status":"open","ping_status":"closed","template":"","meta":[],"product_brand":[6868],"product_cat":[1756,1762],"product_tag":[2244],"acf":[],"_links":{"self":[{"href":"https:\/\/streetmarkets.fr\/app\/wp-json\/wp\/v2\/product\/1217980"}],"collection":[{"href":"https:\/\/streetmarkets.fr\/app\/wp-json\/wp\/v2\/product"}],"about":[{"href":"https:\/\/streetmarkets.fr\/app\/wp-json\/wp\/v2\/types\/product"}],"replies":[{"embeddable":true,"href":"https:\/\/streetmarkets.fr\/app\/wp-json\/wp\/v2\/comments?post=1217980"}],"wp:featuredmedia":[{"embeddable":true,"href":"https:\/\/streetmarkets.fr\/app\/wp-json\/wp\/v2\/media\/1217981"}],"wp:attachment":[{"href":"https:\/\/streetmarkets.fr\/app\/wp-json\/wp\/v2\/media?parent=1217980"}],"wp:term":[{"taxonomy":"product_brand","embeddable":true,"href":"https:\/\/streetmarkets.fr\/app\/wp-json\/wp\/v2\/product_brand?post=1217980"},{"taxonomy":"product_cat","embeddable":true,"href":"https:\/\/streetmarkets.fr\/app\/wp-json\/wp\/v2\/product_cat?post=1217980"},{"taxonomy":"product_tag","embeddable":true,"href":"https:\/\/streetmarkets.fr\/app\/wp-json\/wp\/v2\/product_tag?post=1217980"}],"curies":[{"name":"wp","href":"https:\/\/api.w.org\/{rel}","templated":true}]}}