{"id":1217974,"date":"2025-01-24T01:14:16","date_gmt":"2025-01-24T00:14:16","guid":{"rendered":"https:\/\/streetmarkets.fr\/app\/produit\/hoodie-s25-femme-sky-pink\/"},"modified":"2025-09-11T01:54:39","modified_gmt":"2025-09-10T23:54:39","slug":"hoodie-s25-femme-sky-pink","status":"publish","type":"product","link":"https:\/\/streetmarkets.fr\/app\/produit\/hoodie-s25-femme-sky-pink\/","title":{"rendered":"Hoodie Broderie FF (S25 \/ FEMME \/ Sky Pink)"},"content":{"rendered":"<p>R\u00e9chauffez votre allure en douceur avec ce pull hoodie zipp\u00e9 court, en cachemire 2 fils. Des bords c\u00f4tel\u00e9s larges offrent une coupe ajust\u00e9e. Orn\u00e9 d&#8217;une broderie &#8220;FF&#8221; ton sur ton, il s&#8217;associe \u00e0 une jupe fluide ou un pantalon d\u00e9contract\u00e9.<\/p>\n<p>&#8211; Pull hoodie court en cachemire 2 fils certifi\u00e9 GCS\u00ae Femme<br \/>\n<br \/>&#8211; Broderie &#8220;FF&#8221; ton sur ton<br \/>\n<br \/>&#8211; Capuche<br \/>\n<br \/>&#8211; Fermeture zipp\u00e9e<br \/>\n<br \/>&#8211; Manches longues<br \/>\n<br \/>&#8211; Bords c\u00f4tel\u00e9s larges<br \/>\n<br \/>&#8211; Coupe slim<br \/>\n<br \/>&#8211; Le Good Cashmere Standard\u00ae (GCS) est une norme ind\u00e9pendante pour un cachemire plus durable et plus responsable. Il vise \u00e0 am\u00e9liorer le bien-\u00eatre des ch\u00e8vres cachemire, les conditions de travail des \u00e9leveurs ainsi qu&#8217;\u00e0 prot\u00e9ger l&#8217;environnement.<\/p>\n","protected":false},"excerpt":{"rendered":"<p>R\u00e9chauffez votre allure en douceur avec ce pull hoodie zipp\u00e9 court, en cachemire 2 fils. Des bords c\u00f4tel\u00e9s larges offrent une coupe ajust\u00e9e. Orn\u00e9 d&#8217;une broderie &#8220;FF&#8221; ton sur ton, il s&#8217;associe \u00e0 une jupe fluide ou un pantalon d\u00e9contract\u00e9. &#8211; Pull hoodie court en cachemire 2 fils certifi\u00e9 GCS\u00ae Femme &#8211; Broderie &#8220;FF&#8221; ton [&hellip;]<\/p>\n","protected":false},"featured_media":1217975,"comment_status":"open","ping_status":"closed","template":"","meta":[],"product_brand":[6868],"product_cat":[1756,1762],"product_tag":[2244],"acf":[],"_links":{"self":[{"href":"https:\/\/streetmarkets.fr\/app\/wp-json\/wp\/v2\/product\/1217974"}],"collection":[{"href":"https:\/\/streetmarkets.fr\/app\/wp-json\/wp\/v2\/product"}],"about":[{"href":"https:\/\/streetmarkets.fr\/app\/wp-json\/wp\/v2\/types\/product"}],"replies":[{"embeddable":true,"href":"https:\/\/streetmarkets.fr\/app\/wp-json\/wp\/v2\/comments?post=1217974"}],"wp:featuredmedia":[{"embeddable":true,"href":"https:\/\/streetmarkets.fr\/app\/wp-json\/wp\/v2\/media\/1217975"}],"wp:attachment":[{"href":"https:\/\/streetmarkets.fr\/app\/wp-json\/wp\/v2\/media?parent=1217974"}],"wp:term":[{"taxonomy":"product_brand","embeddable":true,"href":"https:\/\/streetmarkets.fr\/app\/wp-json\/wp\/v2\/product_brand?post=1217974"},{"taxonomy":"product_cat","embeddable":true,"href":"https:\/\/streetmarkets.fr\/app\/wp-json\/wp\/v2\/product_cat?post=1217974"},{"taxonomy":"product_tag","embeddable":true,"href":"https:\/\/streetmarkets.fr\/app\/wp-json\/wp\/v2\/product_tag?post=1217974"}],"curies":[{"name":"wp","href":"https:\/\/api.w.org\/{rel}","templated":true}]}}