{"id":1217967,"date":"2025-01-24T01:14:15","date_gmt":"2025-01-24T00:14:15","guid":{"rendered":"https:\/\/streetmarkets.fr\/app\/produit\/pull-col-camionneur-zip-contraste-s25-homme-gris-chine-fonce\/"},"modified":"2025-08-18T01:48:01","modified_gmt":"2025-08-17T23:48:01","slug":"pull-col-camionneur-zip-contraste-s25-homme-gris-chine-fonce","status":"publish","type":"product","link":"https:\/\/streetmarkets.fr\/app\/produit\/pull-col-camionneur-zip-contraste-s25-homme-gris-chine-fonce\/","title":{"rendered":"Pull Col Camionneur Zip Contraste (S25 \/ HOMME \/ Gris Chin\u00e9 Fonc\u00e9)"},"content":{"rendered":"<p>Ce pull en cachemire 4 fils est rehauss\u00e9 d\u2019un col camionneur \u00e0 zip contrast\u00e9. Avec une coupe oversize et d\u00e9contract\u00e9e, il est muni de manches longues et des bords c\u00f4tel\u00e9s. <\/p>\n<p>&#8211; Pull en cachemire 4 fils certifi\u00e9 GCS\u00ae Homme<br \/>\n<br \/>&#8211; Col camionneur \u00e0 zip contrast\u00e9<br \/>\n<br \/>&#8211; Manches longues<br \/>\n<br \/>&#8211; Bords c\u00f4tel\u00e9s<br \/>\n<br \/>&#8211; Coupe oversize<br \/>\n<br \/>&#8211; Le Good Cashmere Standard\u00ae (GCS) est une norme ind\u00e9pendante pour un cachemire plus durable et plus responsable. Il vise \u00e0 am\u00e9liorer le bien-\u00eatre des ch\u00e8vres cachemire, les conditions de travail des \u00e9leveurs ainsi qu&#8217;\u00e0 prot\u00e9ger l&#8217;environnement.<\/p>\n","protected":false},"excerpt":{"rendered":"<p>Ce pull en cachemire 4 fils est rehauss\u00e9 d\u2019un col camionneur \u00e0 zip contrast\u00e9. Avec une coupe oversize et d\u00e9contract\u00e9e, il est muni de manches longues et des bords c\u00f4tel\u00e9s. &#8211; Pull en cachemire 4 fils certifi\u00e9 GCS\u00ae Homme &#8211; Col camionneur \u00e0 zip contrast\u00e9 &#8211; Manches longues &#8211; Bords c\u00f4tel\u00e9s &#8211; Coupe oversize &#8211; [&hellip;]<\/p>\n","protected":false},"featured_media":1217968,"comment_status":"open","ping_status":"closed","template":"","meta":[],"product_brand":[6868],"product_cat":[1756,1758],"product_tag":[2244],"acf":[],"_links":{"self":[{"href":"https:\/\/streetmarkets.fr\/app\/wp-json\/wp\/v2\/product\/1217967"}],"collection":[{"href":"https:\/\/streetmarkets.fr\/app\/wp-json\/wp\/v2\/product"}],"about":[{"href":"https:\/\/streetmarkets.fr\/app\/wp-json\/wp\/v2\/types\/product"}],"replies":[{"embeddable":true,"href":"https:\/\/streetmarkets.fr\/app\/wp-json\/wp\/v2\/comments?post=1217967"}],"wp:featuredmedia":[{"embeddable":true,"href":"https:\/\/streetmarkets.fr\/app\/wp-json\/wp\/v2\/media\/1217968"}],"wp:attachment":[{"href":"https:\/\/streetmarkets.fr\/app\/wp-json\/wp\/v2\/media?parent=1217967"}],"wp:term":[{"taxonomy":"product_brand","embeddable":true,"href":"https:\/\/streetmarkets.fr\/app\/wp-json\/wp\/v2\/product_brand?post=1217967"},{"taxonomy":"product_cat","embeddable":true,"href":"https:\/\/streetmarkets.fr\/app\/wp-json\/wp\/v2\/product_cat?post=1217967"},{"taxonomy":"product_tag","embeddable":true,"href":"https:\/\/streetmarkets.fr\/app\/wp-json\/wp\/v2\/product_tag?post=1217967"}],"curies":[{"name":"wp","href":"https:\/\/api.w.org\/{rel}","templated":true}]}}