{"id":1212211,"date":"2025-01-23T01:28:40","date_gmt":"2025-01-23T00:28:40","guid":{"rendered":"https:\/\/streetmarkets.fr\/app\/produit\/sweatshirt-col-rond-coeur-s25-homme-noir\/"},"modified":"2025-10-02T01:58:38","modified_gmt":"2025-10-01T23:58:38","slug":"sweatshirt-col-rond-coeur-s25-homme-noir","status":"publish","type":"product","link":"https:\/\/streetmarkets.fr\/app\/produit\/sweatshirt-col-rond-coeur-s25-homme-noir\/","title":{"rendered":"Sweatshirt Col Rond C\u0153ur (S25 \/ HOMME \/ Noir)"},"content":{"rendered":"<p>Avec un col rond et des manches longues, ce sweatshirt en coton d\u00e9voile un c\u0153ur en velours, brod\u00e9 &#8220;FUTURE&#8221; sur la poitrine.<br \/>\n<br \/>Facile \u00e0 mixer, cet essentiel se porte sans mod\u00e9ration pour accompagner vos looks. Rejoignez le Club !<\/p>\n<p>&#8211; Sweatshirt en coton Homme<br \/>\n<br \/>&#8211; C\u0153ur en velours brod\u00e9 &#8220;FUTURE&#8221; sur la poitrine<br \/>\n<br \/>&#8211; Col rond<br \/>\n<br \/>&#8211; Manches longues<br \/>\n<br \/>&#8211; Bords c\u00f4tel\u00e9s<br \/>\n<br \/>&#8211; Coupe regular<br \/>\n<br \/>&#8211; Fabriqu\u00e9 au Portugal<\/p>\n","protected":false},"excerpt":{"rendered":"<p>Avec un col rond et des manches longues, ce sweatshirt en coton d\u00e9voile un c\u0153ur en velours, brod\u00e9 &#8220;FUTURE&#8221; sur la poitrine. Facile \u00e0 mixer, cet essentiel se porte sans mod\u00e9ration pour accompagner vos looks. Rejoignez le Club ! &#8211; Sweatshirt en coton Homme &#8211; C\u0153ur en velours brod\u00e9 &#8220;FUTURE&#8221; sur la poitrine &#8211; Col [&hellip;]<\/p>\n","protected":false},"featured_media":1212212,"comment_status":"open","ping_status":"closed","template":"","meta":[],"product_brand":[6868],"product_cat":[1756,1758],"product_tag":[2244],"acf":[],"_links":{"self":[{"href":"https:\/\/streetmarkets.fr\/app\/wp-json\/wp\/v2\/product\/1212211"}],"collection":[{"href":"https:\/\/streetmarkets.fr\/app\/wp-json\/wp\/v2\/product"}],"about":[{"href":"https:\/\/streetmarkets.fr\/app\/wp-json\/wp\/v2\/types\/product"}],"replies":[{"embeddable":true,"href":"https:\/\/streetmarkets.fr\/app\/wp-json\/wp\/v2\/comments?post=1212211"}],"wp:featuredmedia":[{"embeddable":true,"href":"https:\/\/streetmarkets.fr\/app\/wp-json\/wp\/v2\/media\/1212212"}],"wp:attachment":[{"href":"https:\/\/streetmarkets.fr\/app\/wp-json\/wp\/v2\/media?parent=1212211"}],"wp:term":[{"taxonomy":"product_brand","embeddable":true,"href":"https:\/\/streetmarkets.fr\/app\/wp-json\/wp\/v2\/product_brand?post=1212211"},{"taxonomy":"product_cat","embeddable":true,"href":"https:\/\/streetmarkets.fr\/app\/wp-json\/wp\/v2\/product_cat?post=1212211"},{"taxonomy":"product_tag","embeddable":true,"href":"https:\/\/streetmarkets.fr\/app\/wp-json\/wp\/v2\/product_tag?post=1212211"}],"curies":[{"name":"wp","href":"https:\/\/api.w.org\/{rel}","templated":true}]}}