{"id":1212198,"date":"2025-01-23T01:28:38","date_gmt":"2025-01-23T00:28:38","guid":{"rendered":"https:\/\/streetmarkets.fr\/app\/produit\/t-shirt-col-rond-manches-courtes-coeur-s25-femme-noir\/"},"modified":"2026-04-22T01:50:47","modified_gmt":"2026-04-21T23:50:47","slug":"t-shirt-col-rond-manches-courtes-coeur-s25-femme-noir","status":"publish","type":"product","link":"https:\/\/streetmarkets.fr\/app\/produit\/t-shirt-col-rond-manches-courtes-coeur-s25-femme-noir\/","title":{"rendered":"T-shirt Col Rond Manches Courtes C\u0153ur (S25 \/ FEMME \/ Noir)"},"content":{"rendered":"<p>Rejoignez le Club avec cet incontournable du vestiaire From Future ! Muni d&#8217;un col rond et de manches courtes, ce t-shirt en coton d\u00e9voile un c\u0153ur signature floqu\u00e9 sur la poitrine. Facile \u00e0 mixer, il s&#8217;associe \u00e0 un jean structur\u00e9 ou une jupe fluide.<\/p>\n<p>&#8211; T-shirt en coton Femme <br \/>&#8211; Flocage c\u0153ur &#8220;Future&#8221; sur la poitrine <br \/>&#8211; Col rond <br \/>&#8211; Manches courtes <br \/>&#8211; Coupe regular <br \/>&#8211; Fabriqu\u00e9 au Portugal<\/p>\n","protected":false},"excerpt":{"rendered":"<p>Rejoignez le Club avec cet incontournable du vestiaire From Future ! Muni d&#8217;un col rond et de manches courtes, ce t-shirt en coton d\u00e9voile un c\u0153ur signature floqu\u00e9 sur la poitrine. Facile \u00e0 mixer, il s&#8217;associe \u00e0 un jean structur\u00e9 ou une jupe fluide. &#8211; T-shirt en coton Femme &#8211; Flocage c\u0153ur &#8220;Future&#8221; sur la [&hellip;]<\/p>\n","protected":false},"featured_media":1212199,"comment_status":"open","ping_status":"closed","template":"","meta":[],"product_brand":[6868],"product_cat":[1756,1762],"product_tag":[2244],"acf":[],"_links":{"self":[{"href":"https:\/\/streetmarkets.fr\/app\/wp-json\/wp\/v2\/product\/1212198"}],"collection":[{"href":"https:\/\/streetmarkets.fr\/app\/wp-json\/wp\/v2\/product"}],"about":[{"href":"https:\/\/streetmarkets.fr\/app\/wp-json\/wp\/v2\/types\/product"}],"replies":[{"embeddable":true,"href":"https:\/\/streetmarkets.fr\/app\/wp-json\/wp\/v2\/comments?post=1212198"}],"wp:featuredmedia":[{"embeddable":true,"href":"https:\/\/streetmarkets.fr\/app\/wp-json\/wp\/v2\/media\/1212199"}],"wp:attachment":[{"href":"https:\/\/streetmarkets.fr\/app\/wp-json\/wp\/v2\/media?parent=1212198"}],"wp:term":[{"taxonomy":"product_brand","embeddable":true,"href":"https:\/\/streetmarkets.fr\/app\/wp-json\/wp\/v2\/product_brand?post=1212198"},{"taxonomy":"product_cat","embeddable":true,"href":"https:\/\/streetmarkets.fr\/app\/wp-json\/wp\/v2\/product_cat?post=1212198"},{"taxonomy":"product_tag","embeddable":true,"href":"https:\/\/streetmarkets.fr\/app\/wp-json\/wp\/v2\/product_tag?post=1212198"}],"curies":[{"name":"wp","href":"https:\/\/api.w.org\/{rel}","templated":true}]}}