{"id":1212190,"date":"2025-01-23T01:28:37","date_gmt":"2025-01-23T00:28:37","guid":{"rendered":"https:\/\/streetmarkets.fr\/app\/produit\/sweatshirt-hoodie-coeur-s25-femme-navy\/"},"modified":"2026-05-07T01:45:38","modified_gmt":"2026-05-06T23:45:38","slug":"sweatshirt-hoodie-coeur-s25-femme-navy","status":"publish","type":"product","link":"https:\/\/streetmarkets.fr\/app\/produit\/sweatshirt-hoodie-coeur-s25-femme-navy\/","title":{"rendered":"Sweatshirt Hoodie C\u0153ur (S25 \/ FEMME \/ Navy)"},"content":{"rendered":"<p>Muni d&#8217;une capuche \u00e0 cordons, d&#8217;une poche avant et de manches longues, ce sweatshirt hoodie en coton d\u00e9voile un c\u0153ur floqu\u00e9 &#8220;FUTURE&#8221; sur la poitrine. <br \/>Facile \u00e0 mixer, cet essentiel se porte sans mod\u00e9ration pour accompagner vos looks. Rejoignez le Club !<\/p>\n<p>&#8211; Sweatshirt hoodie en coton Femme <br \/>&#8211; Flocage c\u0153ur &#8220;FUTURE&#8221; sur la poitrine <br \/>&#8211; Capuche \u00e0 cordons <br \/>&#8211; Manches longues <br \/>&#8211; Poche avant <br \/>&#8211; Coupe regular <br \/>&#8211; Fabriqu\u00e9 au Portugal<\/p>\n","protected":false},"excerpt":{"rendered":"<p>Muni d&#8217;une capuche \u00e0 cordons, d&#8217;une poche avant et de manches longues, ce sweatshirt hoodie en coton d\u00e9voile un c\u0153ur floqu\u00e9 &#8220;FUTURE&#8221; sur la poitrine. Facile \u00e0 mixer, cet essentiel se porte sans mod\u00e9ration pour accompagner vos looks. Rejoignez le Club ! &#8211; Sweatshirt hoodie en coton Femme &#8211; Flocage c\u0153ur &#8220;FUTURE&#8221; sur la poitrine [&hellip;]<\/p>\n","protected":false},"featured_media":1212191,"comment_status":"open","ping_status":"closed","template":"","meta":[],"product_brand":[6868],"product_cat":[1756,1762],"product_tag":[2244],"acf":[],"_links":{"self":[{"href":"https:\/\/streetmarkets.fr\/app\/wp-json\/wp\/v2\/product\/1212190"}],"collection":[{"href":"https:\/\/streetmarkets.fr\/app\/wp-json\/wp\/v2\/product"}],"about":[{"href":"https:\/\/streetmarkets.fr\/app\/wp-json\/wp\/v2\/types\/product"}],"replies":[{"embeddable":true,"href":"https:\/\/streetmarkets.fr\/app\/wp-json\/wp\/v2\/comments?post=1212190"}],"wp:featuredmedia":[{"embeddable":true,"href":"https:\/\/streetmarkets.fr\/app\/wp-json\/wp\/v2\/media\/1212191"}],"wp:attachment":[{"href":"https:\/\/streetmarkets.fr\/app\/wp-json\/wp\/v2\/media?parent=1212190"}],"wp:term":[{"taxonomy":"product_brand","embeddable":true,"href":"https:\/\/streetmarkets.fr\/app\/wp-json\/wp\/v2\/product_brand?post=1212190"},{"taxonomy":"product_cat","embeddable":true,"href":"https:\/\/streetmarkets.fr\/app\/wp-json\/wp\/v2\/product_cat?post=1212190"},{"taxonomy":"product_tag","embeddable":true,"href":"https:\/\/streetmarkets.fr\/app\/wp-json\/wp\/v2\/product_tag?post=1212190"}],"curies":[{"name":"wp","href":"https:\/\/api.w.org\/{rel}","templated":true}]}}