{"id":1195303,"date":"2025-01-21T01:02:41","date_gmt":"2025-01-21T00:02:41","guid":{"rendered":"https:\/\/streetmarkets.fr\/app\/produit\/jeans-pola-greige\/"},"modified":"2025-01-28T01:01:34","modified_gmt":"2025-01-28T00:01:34","slug":"jeans-pola-greige","status":"publish","type":"product","link":"https:\/\/streetmarkets.fr\/app\/produit\/jeans-pola-greige\/","title":{"rendered":"jeans POLA greige"},"content":{"rendered":"<p>jeans POLA greige de la marque fran\u00e7aise F.A.M.<\/p>\n<p>jean coupe jambe droite taille haute . un petit c\u00f4t\u00e9 501 . court longueur cheville<\/p>\n<\/p>\n<p>. d\u00e9tails : fermeture bouton et braguette\u00a0boutonn\u00e9e . jambes droites . passants \u00e0 la taille . longueur cropped<\/p>\n<p>. composition :\u00a0100 % coton<\/p>\n<p>. conseil d&#8217;entretien : lavage sur l&#8217;envers \u00e0 30 \u00b0 . repassage doux<\/p>\n","protected":false},"excerpt":{"rendered":"<p>jeans POLA greige de la marque fran\u00e7aise F.A.M. jean coupe jambe droite taille haute . un petit c\u00f4t\u00e9 501 . court longueur cheville . d\u00e9tails : fermeture bouton et braguette\u00a0boutonn\u00e9e . jambes droites . passants \u00e0 la taille . longueur cropped . composition :\u00a0100 % coton . conseil d&#8217;entretien : lavage sur l&#8217;envers \u00e0 30 [&hellip;]<\/p>\n","protected":false},"featured_media":1195304,"comment_status":"open","ping_status":"closed","template":"","meta":[],"product_brand":[],"product_cat":[1756,1762],"product_tag":[2244,1811],"acf":[],"_links":{"self":[{"href":"https:\/\/streetmarkets.fr\/app\/wp-json\/wp\/v2\/product\/1195303"}],"collection":[{"href":"https:\/\/streetmarkets.fr\/app\/wp-json\/wp\/v2\/product"}],"about":[{"href":"https:\/\/streetmarkets.fr\/app\/wp-json\/wp\/v2\/types\/product"}],"replies":[{"embeddable":true,"href":"https:\/\/streetmarkets.fr\/app\/wp-json\/wp\/v2\/comments?post=1195303"}],"wp:featuredmedia":[{"embeddable":true,"href":"https:\/\/streetmarkets.fr\/app\/wp-json\/wp\/v2\/media\/1195304"}],"wp:attachment":[{"href":"https:\/\/streetmarkets.fr\/app\/wp-json\/wp\/v2\/media?parent=1195303"}],"wp:term":[{"taxonomy":"product_brand","embeddable":true,"href":"https:\/\/streetmarkets.fr\/app\/wp-json\/wp\/v2\/product_brand?post=1195303"},{"taxonomy":"product_cat","embeddable":true,"href":"https:\/\/streetmarkets.fr\/app\/wp-json\/wp\/v2\/product_cat?post=1195303"},{"taxonomy":"product_tag","embeddable":true,"href":"https:\/\/streetmarkets.fr\/app\/wp-json\/wp\/v2\/product_tag?post=1195303"}],"curies":[{"name":"wp","href":"https:\/\/api.w.org\/{rel}","templated":true}]}}