{"id":1195147,"date":"2025-01-20T05:48:53","date_gmt":"2025-01-20T04:48:53","guid":{"rendered":"https:\/\/streetmarkets.fr\/app\/produit\/utility-overshirt-3776\/"},"modified":"2026-03-16T05:44:53","modified_gmt":"2026-03-16T04:44:53","slug":"utility-overshirt-3776","status":"publish","type":"product","link":"https:\/\/streetmarkets.fr\/app\/produit\/utility-overshirt-3776\/","title":{"rendered":"Utility Overshirt 3776"},"content":{"rendered":"<p><!--td {border: 1px solid #cccccc;}br {mso-data-placement:same-cell;}--><\/p>\n<p><span data-sheets-root=\"1\">La surchemise<br \/>\n<strong>&#8220;Utility Overshirt 3776&#8221; <\/strong>en velours c\u00f4tel\u00e9 \u00e9pais de la marque\u00a0<strong>Revolution\u00a0<\/strong>est un mod\u00e8le indispensable dans tout vestiaire masculin.\u00a0<\/p>\n<p>Avec ses poches carr\u00e9es sur la poitrine qui se ferme avec des boutons ton sur ton, elle <strong>donne du style<\/strong> \u00e0 votre tenue en plus d&#8217;\u00eatre fonctionnelle.\u00a0Elle se porte aussi bien comme une <strong>chemise chaude<\/strong> du quotidien en hiver qu&#8217;en <strong>surchemise<\/strong> sur un t-shirt uni pour une allure plus d\u00e9contract\u00e9.\u00a0<\/p>\n<p>D\u00e9couvrez la &#8220;Utility Overshirt 3776&#8221; au style intemporel dans votre boutique pour homme du marais : <strong>Harold Paris<\/strong>.<\/span><\/p>\n","protected":false},"excerpt":{"rendered":"<p>La surchemise &#8220;Utility Overshirt 3776&#8221; en velours c\u00f4tel\u00e9 \u00e9pais de la marque\u00a0Revolution\u00a0est un mod\u00e8le indispensable dans tout vestiaire masculin.\u00a0 Avec ses poches carr\u00e9es sur la poitrine qui se ferme avec des boutons ton sur ton, elle donne du style \u00e0 votre tenue en plus d&#8217;\u00eatre fonctionnelle.\u00a0Elle se porte aussi bien comme une chemise chaude du [&hellip;]<\/p>\n","protected":false},"featured_media":1195148,"comment_status":"open","ping_status":"closed","template":"","meta":[],"product_brand":[],"product_cat":[1756,1758],"product_tag":[2244],"acf":[],"_links":{"self":[{"href":"https:\/\/streetmarkets.fr\/app\/wp-json\/wp\/v2\/product\/1195147"}],"collection":[{"href":"https:\/\/streetmarkets.fr\/app\/wp-json\/wp\/v2\/product"}],"about":[{"href":"https:\/\/streetmarkets.fr\/app\/wp-json\/wp\/v2\/types\/product"}],"replies":[{"embeddable":true,"href":"https:\/\/streetmarkets.fr\/app\/wp-json\/wp\/v2\/comments?post=1195147"}],"wp:featuredmedia":[{"embeddable":true,"href":"https:\/\/streetmarkets.fr\/app\/wp-json\/wp\/v2\/media\/1195148"}],"wp:attachment":[{"href":"https:\/\/streetmarkets.fr\/app\/wp-json\/wp\/v2\/media?parent=1195147"}],"wp:term":[{"taxonomy":"product_brand","embeddable":true,"href":"https:\/\/streetmarkets.fr\/app\/wp-json\/wp\/v2\/product_brand?post=1195147"},{"taxonomy":"product_cat","embeddable":true,"href":"https:\/\/streetmarkets.fr\/app\/wp-json\/wp\/v2\/product_cat?post=1195147"},{"taxonomy":"product_tag","embeddable":true,"href":"https:\/\/streetmarkets.fr\/app\/wp-json\/wp\/v2\/product_tag?post=1195147"}],"curies":[{"name":"wp","href":"https:\/\/api.w.org\/{rel}","templated":true}]}}