{"id":1195113,"date":"2025-01-20T05:48:50","date_gmt":"2025-01-20T04:48:50","guid":{"rendered":"https:\/\/streetmarkets.fr\/app\/produit\/liam-nf-shirt-7383\/"},"modified":"2026-03-16T05:44:53","modified_gmt":"2026-03-16T04:44:53","slug":"liam-nf-shirt-7383","status":"publish","type":"product","link":"https:\/\/streetmarkets.fr\/app\/produit\/liam-nf-shirt-7383\/","title":{"rendered":"Liam NF Shirt 7383"},"content":{"rendered":"<p><span data-sheets-root=\"1\">D\u00e9couvrez la <strong>chemise Liam NF Shirt 7383<\/strong> de <strong>Sams\u00f8e Sams\u00f8e<\/strong>, une chemise \u00e0 <strong>manches longues<\/strong> et coupe droite. Dot\u00e9e d&#8217;un empi\u00e8cement pliss\u00e9 dans le dos, d&#8217;une poche poitrine et d&#8217;un ourlet arrondi, elle offre un <strong>style classique et \u00e9l\u00e9gant<\/strong>.\u00a0<\/p>\n<p>Fabriqu\u00e9e \u00e0 partir de tissu <strong>100 % coton bross\u00e9<\/strong> doux, cette chemise assure un confort optimal tout au long de la journ\u00e9e. Disponible dans les teintes &#8220;Gardian Topiary&#8221; et &#8220;Ultimate Gray Mel&#8221;, elle apporte une touche <strong>originale et sophistiqu\u00e9e<\/strong> \u00e0 toutes vos tenues. <\/p>\n<p><strong>Polyvalente et intemporelle<\/strong>, cette chemise est parfaite pour toutes les occasions, que ce soit pour une journ\u00e9e au travail ou une soir\u00e9e entre amis : elle apportera du style \u00e0 votre tenue, tout en restant <strong>sobre<\/strong>. Offrez-vous le confort et l&#8217;\u00e9l\u00e9gance avec la chemise <strong>Liam NF Shirt 7383<\/strong>, une pi\u00e8ce essentielle \u00e0 ajouter \u00e0 votre garde-robe.<\/span><\/p>\n","protected":false},"excerpt":{"rendered":"<p>D\u00e9couvrez la chemise Liam NF Shirt 7383 de Sams\u00f8e Sams\u00f8e, une chemise \u00e0 manches longues et coupe droite. Dot\u00e9e d&#8217;un empi\u00e8cement pliss\u00e9 dans le dos, d&#8217;une poche poitrine et d&#8217;un ourlet arrondi, elle offre un style classique et \u00e9l\u00e9gant.\u00a0 Fabriqu\u00e9e \u00e0 partir de tissu 100 % coton bross\u00e9 doux, cette chemise assure un confort optimal [&hellip;]<\/p>\n","protected":false},"featured_media":1195114,"comment_status":"open","ping_status":"closed","template":"","meta":[],"product_brand":[],"product_cat":[1756,1758],"product_tag":[2244],"acf":[],"_links":{"self":[{"href":"https:\/\/streetmarkets.fr\/app\/wp-json\/wp\/v2\/product\/1195113"}],"collection":[{"href":"https:\/\/streetmarkets.fr\/app\/wp-json\/wp\/v2\/product"}],"about":[{"href":"https:\/\/streetmarkets.fr\/app\/wp-json\/wp\/v2\/types\/product"}],"replies":[{"embeddable":true,"href":"https:\/\/streetmarkets.fr\/app\/wp-json\/wp\/v2\/comments?post=1195113"}],"wp:featuredmedia":[{"embeddable":true,"href":"https:\/\/streetmarkets.fr\/app\/wp-json\/wp\/v2\/media\/1195114"}],"wp:attachment":[{"href":"https:\/\/streetmarkets.fr\/app\/wp-json\/wp\/v2\/media?parent=1195113"}],"wp:term":[{"taxonomy":"product_brand","embeddable":true,"href":"https:\/\/streetmarkets.fr\/app\/wp-json\/wp\/v2\/product_brand?post=1195113"},{"taxonomy":"product_cat","embeddable":true,"href":"https:\/\/streetmarkets.fr\/app\/wp-json\/wp\/v2\/product_cat?post=1195113"},{"taxonomy":"product_tag","embeddable":true,"href":"https:\/\/streetmarkets.fr\/app\/wp-json\/wp\/v2\/product_tag?post=1195113"}],"curies":[{"name":"wp","href":"https:\/\/api.w.org\/{rel}","templated":true}]}}