{"id":1195058,"date":"2025-01-20T05:48:46","date_gmt":"2025-01-20T04:48:46","guid":{"rendered":"https:\/\/streetmarkets.fr\/app\/produit\/jacob-check-wool-hybrid-2\/"},"modified":"2026-03-16T05:44:52","modified_gmt":"2026-03-16T04:44:52","slug":"jacob-check-wool-hybrid-2","status":"publish","type":"product","link":"https:\/\/streetmarkets.fr\/app\/produit\/jacob-check-wool-hybrid-2\/","title":{"rendered":"Jacob Check Wool Hybrid"},"content":{"rendered":"<p><!--td {border: 1px solid #cccccc;}br {mso-data-placement:same-cell;}--><\/p>\n<p><span data-sheets-userformat='{\"2\":897,\"3\":{\"1\":0},\"10\":1,\"11\":4,\"12\":0}' data-sheets-value='{\"1\":2,\"2\":\"D\u00e9couvrez la Surchemise \u00e0 carreaux Jacob Check Wool Hybrid de la marque Les Deux, disponible dans les tons Dark Navy (Bleu fonc\u00e9) et Olive Night (Beige \/ Vert fonc\u00e9 \/ Vert Clair).\\n\\nCette surchemise \u00e0 la coupe Regular, \u00e9galement connue sous le nom de coupe classique, est con\u00e7ue pour offrir un confort optimal et une grande libert\u00e9 de mouvement. Avec des manches et une poitrine plus amples, cette coupe est plus droite et plus longue au niveau de la taille, adapt\u00e9e \u00e0 la plupart des morphologies.\\n\\nFabriqu\u00e9e dans un m\u00e9lange de laine de qualit\u00e9, la surchemise Jacob Check Wool Hybrid pr\u00e9sente un motif \u00e0 carreaux classique qui ajoute une touche de style intemporel \u00e0 votre tenue. Portez-la comme une surchemise sur un t-shirt ou comme une veste l\u00e9g\u00e8re pour une superposition \u00e9l\u00e9gante par temps frais.\\n\\nAvec son style polyvalent et sa coupe confortable, la Surchemise Jacob Check Wool Hybrid est un ajout essentiel \u00e0 votre garde-robe pour la saison \u00e0 venir.\\n\"}' data-sheets-root=\"1\">D\u00e9couvrez la surchemise \u00e0 carreaux <strong>Jacob Check Wool Hybrid <\/strong>de la marque <strong>Les Deux<\/strong>, disponible dans les tons Dark Navy (Bleu fonc\u00e9) et Olive Night (Beige \/ Vert fonc\u00e9 \/ Vert Clair).<\/p>\n<p>Cette surchemise \u00e0 la <strong>coupe Regular<\/strong>\u00a0classique, est con\u00e7ue pour offrir un <strong>confort optimal<\/strong> et une grande libert\u00e9 de mouvement. Avec des manches et une poitrine plus amples, cette coupe est plus droite et plus longue au niveau de la taille, adapt\u00e9e \u00e0 toutes les morphologies.<\/p>\n<p>Fabriqu\u00e9e dans un m\u00e9lange de <strong>laine de qualit\u00e9<\/strong>, la surchemise Jacob Check Wool Hybrid pr\u00e9sente un <strong>motif \u00e0 carreaux<\/strong> classique qui ajoute une touche de style intemporel \u00e0 votre tenue. Portez-la comme une surchemise sur un t-shirt ou comme une veste l\u00e9g\u00e8re pour une superposition \u00e9l\u00e9gante par temps frais.<\/p>\n<p>Avec son style polyvalent et sa coupe confortable, la <strong>Surchemise Jacob Check Wool Hybrid<\/strong> est un ajout essentiel \u00e0 votre garde-robe pour la saison \u00e0 venir.<br \/><\/span><\/p>\n","protected":false},"excerpt":{"rendered":"<p>D\u00e9couvrez la surchemise \u00e0 carreaux Jacob Check Wool Hybrid de la marque Les Deux, disponible dans les tons Dark Navy (Bleu fonc\u00e9) et Olive Night (Beige \/ Vert fonc\u00e9 \/ Vert Clair). Cette surchemise \u00e0 la coupe Regular\u00a0classique, est con\u00e7ue pour offrir un confort optimal et une grande libert\u00e9 de mouvement. Avec des manches et [&hellip;]<\/p>\n","protected":false},"featured_media":1195059,"comment_status":"open","ping_status":"closed","template":"","meta":[],"product_brand":[],"product_cat":[1756,1758],"product_tag":[2244],"acf":[],"_links":{"self":[{"href":"https:\/\/streetmarkets.fr\/app\/wp-json\/wp\/v2\/product\/1195058"}],"collection":[{"href":"https:\/\/streetmarkets.fr\/app\/wp-json\/wp\/v2\/product"}],"about":[{"href":"https:\/\/streetmarkets.fr\/app\/wp-json\/wp\/v2\/types\/product"}],"replies":[{"embeddable":true,"href":"https:\/\/streetmarkets.fr\/app\/wp-json\/wp\/v2\/comments?post=1195058"}],"wp:featuredmedia":[{"embeddable":true,"href":"https:\/\/streetmarkets.fr\/app\/wp-json\/wp\/v2\/media\/1195059"}],"wp:attachment":[{"href":"https:\/\/streetmarkets.fr\/app\/wp-json\/wp\/v2\/media?parent=1195058"}],"wp:term":[{"taxonomy":"product_brand","embeddable":true,"href":"https:\/\/streetmarkets.fr\/app\/wp-json\/wp\/v2\/product_brand?post=1195058"},{"taxonomy":"product_cat","embeddable":true,"href":"https:\/\/streetmarkets.fr\/app\/wp-json\/wp\/v2\/product_cat?post=1195058"},{"taxonomy":"product_tag","embeddable":true,"href":"https:\/\/streetmarkets.fr\/app\/wp-json\/wp\/v2\/product_tag?post=1195058"}],"curies":[{"name":"wp","href":"https:\/\/api.w.org\/{rel}","templated":true}]}}