{"id":1195046,"date":"2025-01-20T05:48:45","date_gmt":"2025-01-20T04:48:45","guid":{"rendered":"https:\/\/streetmarkets.fr\/app\/produit\/anholt-2-0-0063\/"},"modified":"2026-03-16T05:44:52","modified_gmt":"2026-03-16T04:44:52","slug":"anholt-2-0-0063","status":"publish","type":"product","link":"https:\/\/streetmarkets.fr\/app\/produit\/anholt-2-0-0063\/","title":{"rendered":"Anholt 2.0 0063"},"content":{"rendered":"<p><!--td {border: 1px solid #cccccc;}br {mso-data-placement:same-cell;}--><\/p>\n<p><span data-sheets-root=\"1\" data-sheets-value=\"{&quot;1&quot;:2,&quot;2&quot;:&quot;D\u00e9couvrez la chemise \u00e0 manches longues \\&quot;Anholt 2.0 0063\\&quot; de Minimum, disponible en trois couleurs \u00e9l\u00e9gantes : \\&quot;Elephant Skin\\&quot;, \\&quot;Laurel Wreath\\&quot; et \\&quot;Navy Blazer\\&quot;. Confectionn\u00e9e en coton biologique, cette chemise se distingue par un twill structur\u00e9 et gratt\u00e9, offrant un toucher exceptionnellement doux.\\r\\n\\r\\nSa coupe droite assure une silhouette classique et intemporelle, tandis que le col mandarin (col mao) ajoute une touche de modernit\u00e9 et de raffinement. Parfaite pour toutes les occasions, cette chemise s'adapte aussi bien \u00e0 un look d\u00e9contract\u00e9 qu'\u00e0 une tenue plus formelle.\\r\\n\\r\\nQue vous choisissiez la sobri\u00e9t\u00e9 de \\&quot;Elephant Skin\\&quot;, la fra\u00eecheur de \\&quot;Laurel Wreath\\&quot; ou l'\u00e9l\u00e9gance du \\&quot;Navy Blazer\\&quot;, la \\&quot;Anholt 2.0 0063\\&quot; garantit un confort incomparable gr\u00e2ce \u00e0 la qualit\u00e9 du coton bio. Adoptez cette pi\u00e8ce \u00e9thique et durable pour une allure raffin\u00e9e et contemporaine, con\u00e7ue avec soin et respect de l'environnement.&quot;}\" data-sheets-userformat='{\"2\":769,\"3\":{\"1\":0},\"11\":4,\"12\":0}'>D\u00e9couvrez la <strong>chemise \u00e0 manches longues &#8220;Anholt 2.0 0063&#8221;<\/strong> de <strong>Minimum<\/strong>, disponible en trois couleurs \u00e9l\u00e9gantes : &#8220;Elephant Skin&#8221;, &#8220;Laurel Wreath&#8221; et &#8220;Navy Blazer&#8221;. Confectionn\u00e9e en coton biologique, cette chemise se distingue par un twill structur\u00e9 et gratt\u00e9, offrant un toucher exceptionnellement doux. <\/p>\n<p>Sa <strong>coupe droite<\/strong> assure une <strong>silhouette classique et intemporelle<\/strong>, tandis que le <strong>col mandarin<\/strong> (col mao) ajoute une touche de <strong>modernit\u00e9 <\/strong>et de raffinement. Parfaite pour toutes les occasions, cette chemise s&#8217;adapte aussi bien \u00e0 un <strong>look d\u00e9contract\u00e9<\/strong> qu&#8217;\u00e0 une tenue plus formelle. <\/p>\n<p>Que vous choisissiez la sobri\u00e9t\u00e9 de &#8220;Elephant Skin&#8221;, la fra\u00eecheur de &#8220;Laurel Wreath&#8221; ou l&#8217;\u00e9l\u00e9gance du &#8220;Navy Blazer&#8221;, la\u00a0<strong>Anholt 2.0 0063<\/strong>\u00a0garantit un confort incomparable gr\u00e2ce \u00e0 la qualit\u00e9 du <strong>coton bio. <\/strong>Adoptez cette pi\u00e8ce \u00e9thique et durable pour une<strong> allure raffin\u00e9e et contemporaine<\/strong>, con\u00e7ue avec soin et respect de l&#8217;environnement.<\/span><\/p>\n","protected":false},"excerpt":{"rendered":"<p>D\u00e9couvrez la chemise \u00e0 manches longues &#8220;Anholt 2.0 0063&#8221; de Minimum, disponible en trois couleurs \u00e9l\u00e9gantes : &#8220;Elephant Skin&#8221;, &#8220;Laurel Wreath&#8221; et &#8220;Navy Blazer&#8221;. Confectionn\u00e9e en coton biologique, cette chemise se distingue par un twill structur\u00e9 et gratt\u00e9, offrant un toucher exceptionnellement doux. Sa coupe droite assure une silhouette classique et intemporelle, tandis que le [&hellip;]<\/p>\n","protected":false},"featured_media":1195047,"comment_status":"open","ping_status":"closed","template":"","meta":[],"product_brand":[],"product_cat":[1756,1758],"product_tag":[2244],"acf":[],"_links":{"self":[{"href":"https:\/\/streetmarkets.fr\/app\/wp-json\/wp\/v2\/product\/1195046"}],"collection":[{"href":"https:\/\/streetmarkets.fr\/app\/wp-json\/wp\/v2\/product"}],"about":[{"href":"https:\/\/streetmarkets.fr\/app\/wp-json\/wp\/v2\/types\/product"}],"replies":[{"embeddable":true,"href":"https:\/\/streetmarkets.fr\/app\/wp-json\/wp\/v2\/comments?post=1195046"}],"wp:featuredmedia":[{"embeddable":true,"href":"https:\/\/streetmarkets.fr\/app\/wp-json\/wp\/v2\/media\/1195047"}],"wp:attachment":[{"href":"https:\/\/streetmarkets.fr\/app\/wp-json\/wp\/v2\/media?parent=1195046"}],"wp:term":[{"taxonomy":"product_brand","embeddable":true,"href":"https:\/\/streetmarkets.fr\/app\/wp-json\/wp\/v2\/product_brand?post=1195046"},{"taxonomy":"product_cat","embeddable":true,"href":"https:\/\/streetmarkets.fr\/app\/wp-json\/wp\/v2\/product_cat?post=1195046"},{"taxonomy":"product_tag","embeddable":true,"href":"https:\/\/streetmarkets.fr\/app\/wp-json\/wp\/v2\/product_tag?post=1195046"}],"curies":[{"name":"wp","href":"https:\/\/api.w.org\/{rel}","templated":true}]}}