{"id":1194976,"date":"2025-01-20T05:48:40","date_gmt":"2025-01-20T04:48:40","guid":{"rendered":"https:\/\/streetmarkets.fr\/app\/produit\/patrick-twill-pants\/"},"modified":"2026-03-16T05:44:52","modified_gmt":"2026-03-16T04:44:52","slug":"patrick-twill-pants","status":"publish","type":"product","link":"https:\/\/streetmarkets.fr\/app\/produit\/patrick-twill-pants\/","title":{"rendered":"Patrick Twill Pants"},"content":{"rendered":"<p><!--td {border: 1px solid #cccccc;}br {mso-data-placement:same-cell;}--><\/p>\n<p><span data-sheets-userformat='{\"2\":897,\"3\":{\"1\":0},\"10\":1,\"11\":4,\"12\":0}' data-sheets-value=\"{&quot;1&quot;:2,&quot;2&quot;:&quot;D\u00e9couvrez le confort ultime avec les nouveaux Patrick Twill Pants de Les Deux. Ces pantalons hybrides, combinant l'\u00e9l\u00e9gance d'un costume et le confort d'un pantalon de surv\u00eatement, sont un ajout polyvalent \u00e0 votre garde-robe. \\n\\nFabriqu\u00e9s dans un tissu de costume de haute qualit\u00e9 avec une taille \u00e9lastique extensible, ils offrent le meilleur des deux mondes : un style sophistiqu\u00e9 et une libert\u00e9 de mouvement optimale. Dot\u00e9s de poches pratiques \u00e0 l'avant et \u00e0 l'arri\u00e8re, ils sont \u00e0 la fois fonctionnels et \u00e9l\u00e9gants. Le logo brod\u00e9 \\&quot;II\\&quot; au-dessus de la poche arri\u00e8re ajoute une touche de distinction suppl\u00e9mentaire. \\n\\nDisponibles en Dark Navy et Light Sand, ces pantalons \u00e0 la coupe d\u00e9contract\u00e9e et \u00e0 la jambe large sont parfaits pour toutes les occasions, que ce soit pour le travail ou les loisirs.&quot;}\" data-sheets-root=\"1\">D\u00e9couvrez le confort ultime avec les nouveaux <strong>Patrick Twill Pants<\/strong> de <strong>Les Deux<\/strong>. Ce pantalon hybride, combinant l&#8217;\u00e9l\u00e9gance d&#8217;un costume et le confort d&#8217;un pantalon de surv\u00eatement, est une pi\u00e8ce int\u00e9ressante et <strong>polyvalente <\/strong>pour votre garde-robe.\u00a0<\/p>\n<p>Fabriqu\u00e9s dans un tissu de costume de<strong> haute qualit\u00e9<\/strong> avec une <strong>taille \u00e9lastique<\/strong> extensible, ils offrent le meilleur des deux mondes : un<strong> style sophistiqu\u00e9 <\/strong>et une<strong> libert\u00e9 de mouvement<\/strong> optimale. Dot\u00e9s de poches pratiques \u00e0 l&#8217;avant et \u00e0 l&#8217;arri\u00e8re, ils sont \u00e0 la fois fonctionnels et \u00e9l\u00e9gants. Le logo brod\u00e9 &#8220;II&#8221; au-dessus de la poche arri\u00e8re ajoute une touche de distinction suppl\u00e9mentaire. <\/p>\n<p>Disponibles en Dark Navy et Light Sand, ces pantalons \u00e0 la<strong> coupe d\u00e9contract\u00e9e <\/strong>et \u00e0 la jambe large sont parfaits pour toutes les occasions, que ce soit pour le travail ou les loisirs. Ils sont disponibles chez <strong>Harold<\/strong>, votre <strong>boutique pour homme<\/strong> au c\u0153ur du marais.<\/span><\/p>\n","protected":false},"excerpt":{"rendered":"<p>D\u00e9couvrez le confort ultime avec les nouveaux Patrick Twill Pants de Les Deux. Ce pantalon hybride, combinant l&#8217;\u00e9l\u00e9gance d&#8217;un costume et le confort d&#8217;un pantalon de surv\u00eatement, est une pi\u00e8ce int\u00e9ressante et polyvalente pour votre garde-robe.\u00a0 Fabriqu\u00e9s dans un tissu de costume de haute qualit\u00e9 avec une taille \u00e9lastique extensible, ils offrent le meilleur des [&hellip;]<\/p>\n","protected":false},"featured_media":1194977,"comment_status":"open","ping_status":"closed","template":"","meta":[],"product_brand":[],"product_cat":[1756,1758],"product_tag":[2244],"acf":[],"_links":{"self":[{"href":"https:\/\/streetmarkets.fr\/app\/wp-json\/wp\/v2\/product\/1194976"}],"collection":[{"href":"https:\/\/streetmarkets.fr\/app\/wp-json\/wp\/v2\/product"}],"about":[{"href":"https:\/\/streetmarkets.fr\/app\/wp-json\/wp\/v2\/types\/product"}],"replies":[{"embeddable":true,"href":"https:\/\/streetmarkets.fr\/app\/wp-json\/wp\/v2\/comments?post=1194976"}],"wp:featuredmedia":[{"embeddable":true,"href":"https:\/\/streetmarkets.fr\/app\/wp-json\/wp\/v2\/media\/1194977"}],"wp:attachment":[{"href":"https:\/\/streetmarkets.fr\/app\/wp-json\/wp\/v2\/media?parent=1194976"}],"wp:term":[{"taxonomy":"product_brand","embeddable":true,"href":"https:\/\/streetmarkets.fr\/app\/wp-json\/wp\/v2\/product_brand?post=1194976"},{"taxonomy":"product_cat","embeddable":true,"href":"https:\/\/streetmarkets.fr\/app\/wp-json\/wp\/v2\/product_cat?post=1194976"},{"taxonomy":"product_tag","embeddable":true,"href":"https:\/\/streetmarkets.fr\/app\/wp-json\/wp\/v2\/product_tag?post=1194976"}],"curies":[{"name":"wp","href":"https:\/\/api.w.org\/{rel}","templated":true}]}}