{"id":1194904,"date":"2025-01-20T05:47:56","date_gmt":"2025-01-20T04:47:56","guid":{"rendered":"https:\/\/streetmarkets.fr\/app\/produit\/bretelles-boutons-larges-moire-noires\/"},"modified":"2026-03-16T05:44:51","modified_gmt":"2026-03-16T04:44:51","slug":"bretelles-boutons-larges-moire-noires","status":"publish","type":"product","link":"https:\/\/streetmarkets.fr\/app\/produit\/bretelles-boutons-larges-moire-noires\/","title":{"rendered":"Bretelles Boutons Larges Moire Noires"},"content":{"rendered":"<p dir=\"auto\">Ajoutez une touche d&#8217;\u00e9l\u00e9gance \u00e0 votre tenue avec les <strong>Bretelles Boutons Larges Moire Noires<\/strong> de la marque <strong>Albert Thurston<\/strong>, disponibles chez Harold, votre boutique de pr\u00eat-\u00e0-porter homme situ\u00e9e dans le quartier du Marais \u00e0 Paris. Ces bretelles sont l&#8217;accessoire parfait pour <strong>compl\u00e9ter votre look avec style et sophistication<\/strong>.<\/p>\n<p dir=\"auto\">Ces bretelles se distinguent par leurs <strong>larges pinces en moire noir<\/strong>, apportant une note raffin\u00e9e \u00e0 votre tenue. Vous pourrez les porter si votre pantalon dispose de boutons pour pouvoir fixer les pinces en cuir. Plusieurs boutons sont fournis avec ces magnifiques bretelles.<\/p>\n<p dir=\"auto\">Fabriqu\u00e9es avec une attention particuli\u00e8re aux d\u00e9tails, les bretelles offrent un maintien confortable et une <strong>allure impeccable<\/strong> tout au long de la journ\u00e9e. Leur design classique s&#8217;adapte parfaitement \u00e0 toutes vos tenues, qu&#8217;elles soient formelles ou d\u00e9contract\u00e9es.<\/p>\n<p dir=\"auto\">Portez ces bretelles avec un pantalon de costume et une chemise pour un <strong>look formel \u00e9l\u00e9gant<\/strong>, ou associez-les \u00e0 un jean et une chemise d\u00e9contract\u00e9e pour une <strong>tenue chic et d\u00e9contract\u00e9e<\/strong>. Les <strong>Bretelles Boutons Larges Moire Noires<\/strong> sont la pi\u00e8ce id\u00e9ale pour ajouter une note de distinction \u00e0 votre garde-robe. Visitez notre boutique Harold pour d\u00e9couvrir cette pi\u00e8ce et compl\u00e9ter votre look avec d&#8217;autres articles de notre collection.<\/p>\n<p dir=\"auto\"><strong>Attention : <\/strong>En cas de probl\u00e8me, ce produit sera repris et rembours\u00e9 <span style=\"text-decoration: underline\"><strong>UNIQUEMENT<\/strong><\/span> si la bo\u00eete n&#8217;a pas \u00e9t\u00e9 ouverte.<\/p>\n","protected":false},"excerpt":{"rendered":"<p>Ajoutez une touche d&#8217;\u00e9l\u00e9gance \u00e0 votre tenue avec les Bretelles Boutons Larges Moire Noires de la marque Albert Thurston, disponibles chez Harold, votre boutique de pr\u00eat-\u00e0-porter homme situ\u00e9e dans le quartier du Marais \u00e0 Paris. Ces bretelles sont l&#8217;accessoire parfait pour compl\u00e9ter votre look avec style et sophistication. Ces bretelles se distinguent par leurs larges [&hellip;]<\/p>\n","protected":false},"featured_media":1194905,"comment_status":"open","ping_status":"closed","template":"","meta":[],"product_brand":[],"product_cat":[1756,1760],"product_tag":[2244],"acf":[],"_links":{"self":[{"href":"https:\/\/streetmarkets.fr\/app\/wp-json\/wp\/v2\/product\/1194904"}],"collection":[{"href":"https:\/\/streetmarkets.fr\/app\/wp-json\/wp\/v2\/product"}],"about":[{"href":"https:\/\/streetmarkets.fr\/app\/wp-json\/wp\/v2\/types\/product"}],"replies":[{"embeddable":true,"href":"https:\/\/streetmarkets.fr\/app\/wp-json\/wp\/v2\/comments?post=1194904"}],"wp:featuredmedia":[{"embeddable":true,"href":"https:\/\/streetmarkets.fr\/app\/wp-json\/wp\/v2\/media\/1194905"}],"wp:attachment":[{"href":"https:\/\/streetmarkets.fr\/app\/wp-json\/wp\/v2\/media?parent=1194904"}],"wp:term":[{"taxonomy":"product_brand","embeddable":true,"href":"https:\/\/streetmarkets.fr\/app\/wp-json\/wp\/v2\/product_brand?post=1194904"},{"taxonomy":"product_cat","embeddable":true,"href":"https:\/\/streetmarkets.fr\/app\/wp-json\/wp\/v2\/product_cat?post=1194904"},{"taxonomy":"product_tag","embeddable":true,"href":"https:\/\/streetmarkets.fr\/app\/wp-json\/wp\/v2\/product_tag?post=1194904"}],"curies":[{"name":"wp","href":"https:\/\/api.w.org\/{rel}","templated":true}]}}