{"id":1194712,"date":"2025-01-20T05:47:28","date_gmt":"2025-01-20T04:47:28","guid":{"rendered":"https:\/\/streetmarkets.fr\/app\/produit\/special-for-gentlemen\/"},"modified":"2026-03-16T05:44:22","modified_gmt":"2026-03-16T04:44:22","slug":"special-for-gentlemen","status":"publish","type":"product","link":"https:\/\/streetmarkets.fr\/app\/produit\/special-for-gentlemen\/","title":{"rendered":"Special For Gentlemen"},"content":{"rendered":"<p><strong>Notes principales<\/strong><br \/><span>Lavande &#8211; cannelle &#8211; vanille &#8211; opoponax<\/span><\/p>\n<h4><strong>Pyramide olfactive<\/strong><\/h4>\n<p><strong>Notes de t\u00eate<\/strong> : Bergamote, citron, lavande, galbanum<br \/><strong>Notes de c\u0153ur<\/strong> : Cannelle, ambre, ciste, patchouli<br \/><strong>Notes de fond<\/strong> : Mousse de ch\u00eane, vanille, castor\u00e9um, opoponax<\/p>\n<p>Une foug\u00e8re orientale in\u00e9dite, <strong>Special for Gentlemen<\/strong> s\u2019ouvre sur une fra\u00eecheur classique et \u00e9l\u00e9gante : la <strong>bergamote<\/strong> et le <strong>citron<\/strong> illuminent les notes de <strong>lavande<\/strong> et de <strong>galbanum<\/strong>, d\u00e9finissant d\u2019embl\u00e9e un style raffin\u00e9 et impeccable.<\/p>\n<p>Cette \u00e9l\u00e9gance polie est bient\u00f4t bouscul\u00e9e par un c\u0153ur chaleureux et \u00e9pic\u00e9 o\u00f9 la <strong>cannelle<\/strong> se m\u00eale \u00e0 l\u2019<strong>ambre <\/strong>et au <strong>ciste<\/strong>. Les notes bois\u00e9es et r\u00e9sineuses introduisent alors une profondeur magn\u00e9tique, tandis que le fond d\u00e9ploie des facettes riches et animales. La <strong>mousse de ch\u00eane<\/strong>, la <strong>vanille<\/strong>, l\u2019<strong>opoponax<\/strong> et le <strong>castor\u00e9um<\/strong> composent un sillage sensuel, tout en tension entre douceur et virilit\u00e9.<\/p>\n","protected":false},"excerpt":{"rendered":"<p>Notes principalesLavande &#8211; cannelle &#8211; vanille &#8211; opoponax Pyramide olfactive Notes de t\u00eate : Bergamote, citron, lavande, galbanumNotes de c\u0153ur : Cannelle, ambre, ciste, patchouliNotes de fond : Mousse de ch\u00eane, vanille, castor\u00e9um, opoponax Une foug\u00e8re orientale in\u00e9dite, Special for Gentlemen s\u2019ouvre sur une fra\u00eecheur classique et \u00e9l\u00e9gante : la bergamote et le citron illuminent [&hellip;]<\/p>\n","protected":false},"featured_media":1194713,"comment_status":"open","ping_status":"closed","template":"","meta":[],"product_brand":[],"product_cat":[1756,1760],"product_tag":[2244],"acf":[],"_links":{"self":[{"href":"https:\/\/streetmarkets.fr\/app\/wp-json\/wp\/v2\/product\/1194712"}],"collection":[{"href":"https:\/\/streetmarkets.fr\/app\/wp-json\/wp\/v2\/product"}],"about":[{"href":"https:\/\/streetmarkets.fr\/app\/wp-json\/wp\/v2\/types\/product"}],"replies":[{"embeddable":true,"href":"https:\/\/streetmarkets.fr\/app\/wp-json\/wp\/v2\/comments?post=1194712"}],"wp:featuredmedia":[{"embeddable":true,"href":"https:\/\/streetmarkets.fr\/app\/wp-json\/wp\/v2\/media\/1194713"}],"wp:attachment":[{"href":"https:\/\/streetmarkets.fr\/app\/wp-json\/wp\/v2\/media?parent=1194712"}],"wp:term":[{"taxonomy":"product_brand","embeddable":true,"href":"https:\/\/streetmarkets.fr\/app\/wp-json\/wp\/v2\/product_brand?post=1194712"},{"taxonomy":"product_cat","embeddable":true,"href":"https:\/\/streetmarkets.fr\/app\/wp-json\/wp\/v2\/product_cat?post=1194712"},{"taxonomy":"product_tag","embeddable":true,"href":"https:\/\/streetmarkets.fr\/app\/wp-json\/wp\/v2\/product_tag?post=1194712"}],"curies":[{"name":"wp","href":"https:\/\/api.w.org\/{rel}","templated":true}]}}