{"id":1194700,"date":"2025-01-20T05:47:27","date_gmt":"2025-01-20T04:47:27","guid":{"rendered":"https:\/\/streetmarkets.fr\/app\/produit\/whip\/"},"modified":"2026-03-16T05:44:21","modified_gmt":"2026-03-16T04:44:21","slug":"whip","status":"publish","type":"product","link":"https:\/\/streetmarkets.fr\/app\/produit\/whip\/","title":{"rendered":"Whip"},"content":{"rendered":"<p><strong>Notes principales<\/strong><br \/><span>Citron, lavande, jasmin, mousse de ch\u00eane<\/span><\/p>\n<h4><strong>Pyramide olfactive<\/strong><\/h4>\n<p><strong>Notes de t\u00eate<\/strong> : Citron, bergamote de Calabre, estragon, lavande, cardamome<br \/><strong>Notes de c\u0153ur<\/strong> : Jasmin, violette, iris, galbanum<br \/><strong>Notes de fond<\/strong> : Mousse de ch\u00eane, v\u00e9tiver, patchouli<\/p>\n<p><strong>Whip <\/strong>d\u00e9bute par un tourbillon d\u2019agrumes \u00e9clatants : le <strong>citron<\/strong> et la <strong>bergamote<\/strong> de Calabre s\u2019associent \u00e0 l\u2019<strong>estragon<\/strong> et \u00e0 la<strong> lavande<\/strong> pour cr\u00e9er une ouverture vibrante et lumineuse. Cette fra\u00eecheur tonique est rapidement relev\u00e9e par l\u2019ar\u00f4me distinctif et \u00e9pic\u00e9 de la <strong>cardamome<\/strong>, v\u00e9ritable signature olfactive de cette cr\u00e9ation.<\/p>\n<p>Au c\u0153ur, un voile de <strong>jasmin<\/strong> d\u00e9licat s\u2019entrelace avec les accents verts et subtils de la <strong>violette<\/strong>, de l\u2019<strong>iris<\/strong> et du <strong>galbanum<\/strong>. Enfin, la fragrance s\u2019\u00e9panouit sur un fond chypr\u00e9 et bois\u00e9, o\u00f9 la <strong>mousse de ch\u00eane<\/strong>, le <strong>v\u00e9tiver<\/strong> et le <strong>patchouli<\/strong> ancrent une profondeur et une tenue remarquables.<\/p>\n","protected":false},"excerpt":{"rendered":"<p>Notes principalesCitron, lavande, jasmin, mousse de ch\u00eane Pyramide olfactive Notes de t\u00eate : Citron, bergamote de Calabre, estragon, lavande, cardamomeNotes de c\u0153ur : Jasmin, violette, iris, galbanumNotes de fond : Mousse de ch\u00eane, v\u00e9tiver, patchouli Whip d\u00e9bute par un tourbillon d\u2019agrumes \u00e9clatants : le citron et la bergamote de Calabre s\u2019associent \u00e0 l\u2019estragon et \u00e0 [&hellip;]<\/p>\n","protected":false},"featured_media":1194701,"comment_status":"open","ping_status":"closed","template":"","meta":[],"product_brand":[],"product_cat":[1756,1760],"product_tag":[2244],"acf":[],"_links":{"self":[{"href":"https:\/\/streetmarkets.fr\/app\/wp-json\/wp\/v2\/product\/1194700"}],"collection":[{"href":"https:\/\/streetmarkets.fr\/app\/wp-json\/wp\/v2\/product"}],"about":[{"href":"https:\/\/streetmarkets.fr\/app\/wp-json\/wp\/v2\/types\/product"}],"replies":[{"embeddable":true,"href":"https:\/\/streetmarkets.fr\/app\/wp-json\/wp\/v2\/comments?post=1194700"}],"wp:featuredmedia":[{"embeddable":true,"href":"https:\/\/streetmarkets.fr\/app\/wp-json\/wp\/v2\/media\/1194701"}],"wp:attachment":[{"href":"https:\/\/streetmarkets.fr\/app\/wp-json\/wp\/v2\/media?parent=1194700"}],"wp:term":[{"taxonomy":"product_brand","embeddable":true,"href":"https:\/\/streetmarkets.fr\/app\/wp-json\/wp\/v2\/product_brand?post=1194700"},{"taxonomy":"product_cat","embeddable":true,"href":"https:\/\/streetmarkets.fr\/app\/wp-json\/wp\/v2\/product_cat?post=1194700"},{"taxonomy":"product_tag","embeddable":true,"href":"https:\/\/streetmarkets.fr\/app\/wp-json\/wp\/v2\/product_tag?post=1194700"}],"curies":[{"name":"wp","href":"https:\/\/api.w.org\/{rel}","templated":true}]}}