{"id":1194697,"date":"2025-01-20T05:47:27","date_gmt":"2025-01-20T04:47:27","guid":{"rendered":"https:\/\/streetmarkets.fr\/app\/produit\/tulipe\/"},"modified":"2026-03-16T05:44:21","modified_gmt":"2026-03-16T04:44:21","slug":"tulipe","status":"publish","type":"product","link":"https:\/\/streetmarkets.fr\/app\/produit\/tulipe\/","title":{"rendered":"Tulipe"},"content":{"rendered":"<p><strong>Notes principales<\/strong><br \/><span>Accord tulipe, fleur d\u2019acacia, jasmin, musc<\/span><\/p>\n<h4><strong>Pyramide olfactive<\/strong><\/h4>\n<p><strong>Notes de t\u00eate<\/strong> : Fleur d\u2019acacia, galbanum, vert de tulipe<br \/><strong>Notes de c\u0153ur<\/strong> : Jasmin, ylang-ylang, narcisse<br \/><strong>Notes de fond<\/strong> : Iris, musc, c\u00e8dre<\/p>\n<p>L\u2019ouverture de <strong>Tulipe<\/strong> se distingue par la verdeur croquante de l\u2019accord <strong>tulipe<\/strong>, presque vernie, qui se d\u00e9voile avec une fra\u00eecheur surprenante. Cette premi\u00e8re impression est suivie par une floralit\u00e9 fruit\u00e9e et verte, domin\u00e9e par le <strong>jasmin<\/strong> et le <strong>narcisse<\/strong>, qui insufflent \u00e0 Tulipe une sensualit\u00e9 l\u00e9g\u00e8re et raffin\u00e9e.<\/p>\n<p>En fond, le <strong>musc <\/strong>et le <strong>c\u00e8dre<\/strong> enveloppent le parfum d\u2019un halo de modernit\u00e9, apportant une structure bois\u00e9e et propre, qui contraste parfaitement avec la fluidit\u00e9 florale de la composition.<\/p>\n","protected":false},"excerpt":{"rendered":"<p>Notes principalesAccord tulipe, fleur d\u2019acacia, jasmin, musc Pyramide olfactive Notes de t\u00eate : Fleur d\u2019acacia, galbanum, vert de tulipeNotes de c\u0153ur : Jasmin, ylang-ylang, narcisseNotes de fond : Iris, musc, c\u00e8dre L\u2019ouverture de Tulipe se distingue par la verdeur croquante de l\u2019accord tulipe, presque vernie, qui se d\u00e9voile avec une fra\u00eecheur surprenante. Cette premi\u00e8re impression [&hellip;]<\/p>\n","protected":false},"featured_media":1194698,"comment_status":"open","ping_status":"closed","template":"","meta":[],"product_brand":[],"product_cat":[1756,1760],"product_tag":[2244],"acf":[],"_links":{"self":[{"href":"https:\/\/streetmarkets.fr\/app\/wp-json\/wp\/v2\/product\/1194697"}],"collection":[{"href":"https:\/\/streetmarkets.fr\/app\/wp-json\/wp\/v2\/product"}],"about":[{"href":"https:\/\/streetmarkets.fr\/app\/wp-json\/wp\/v2\/types\/product"}],"replies":[{"embeddable":true,"href":"https:\/\/streetmarkets.fr\/app\/wp-json\/wp\/v2\/comments?post=1194697"}],"wp:featuredmedia":[{"embeddable":true,"href":"https:\/\/streetmarkets.fr\/app\/wp-json\/wp\/v2\/media\/1194698"}],"wp:attachment":[{"href":"https:\/\/streetmarkets.fr\/app\/wp-json\/wp\/v2\/media?parent=1194697"}],"wp:term":[{"taxonomy":"product_brand","embeddable":true,"href":"https:\/\/streetmarkets.fr\/app\/wp-json\/wp\/v2\/product_brand?post=1194697"},{"taxonomy":"product_cat","embeddable":true,"href":"https:\/\/streetmarkets.fr\/app\/wp-json\/wp\/v2\/product_cat?post=1194697"},{"taxonomy":"product_tag","embeddable":true,"href":"https:\/\/streetmarkets.fr\/app\/wp-json\/wp\/v2\/product_tag?post=1194697"}],"curies":[{"name":"wp","href":"https:\/\/api.w.org\/{rel}","templated":true}]}}