{"id":1194648,"date":"2025-01-20T05:47:21","date_gmt":"2025-01-20T04:47:21","guid":{"rendered":"https:\/\/streetmarkets.fr\/app\/produit\/regular-rick-ox-ls-shirt\/"},"modified":"2026-03-16T05:44:21","modified_gmt":"2026-03-16T04:44:21","slug":"regular-rick-ox-ls-shirt","status":"publish","type":"product","link":"https:\/\/streetmarkets.fr\/app\/produit\/regular-rick-ox-ls-shirt\/","title":{"rendered":"Regular Rick-Ox LS Shirt"},"content":{"rendered":"<p>La chemise <strong>Regular Rick-Ox LS <\/strong>de<strong> Selected<\/strong> allie l\u2019<strong>\u00e9l\u00e9gance d\u00e9contract\u00e9e <\/strong>et le confort, faisant d\u2019elle un incontournable de votre garde-robe. Confectionn\u00e9e en <strong>coton doux et respirant<\/strong>, elle pr\u00e9sente une coupe r\u00e9guli\u00e8re et des manches longues ajust\u00e9es aux poignets pour un ajustement parfait. Le col boutonn\u00e9 et le bouton sur le devant apportent une finition soign\u00e9e, tandis que la poche plaqu\u00e9e sur la poitrine et l&#8217;ourlet incurv\u00e9 ajoutent une touche de <strong>style subtile<\/strong>.<\/p>\n<p>Avec son design intemporel \u00e0 <strong>rayures verticales<\/strong>, cette chemise <strong>oxford<\/strong> est disponible en bleu et jaune p\u00e2le, deux couleurs polyvalentes qui se marient facilement avec une multitude de tenues. Pour un look plus <strong>d\u00e9contract\u00e9<\/strong>, laissez-la d\u00e9boutonn\u00e9e sur un T-shirt, ou portez-la avec votre blazer pr\u00e9f\u00e9r\u00e9 pour une silhouette plus <strong>sophistiqu\u00e9e<\/strong>.<\/p>\n<p>Cette chemise est id\u00e9ale pour toutes les occasions, qu\u2019elles soient formelles ou <strong>casual<\/strong>, elle vous accompagnera avec \u00e9l\u00e9gance tout au long de la journ\u00e9e. Retrouvez-la dans notre boutique <strong>Harold<\/strong>, situ\u00e9e dans la marais.<\/p>\n","protected":false},"excerpt":{"rendered":"<p>La chemise Regular Rick-Ox LS de Selected allie l\u2019\u00e9l\u00e9gance d\u00e9contract\u00e9e et le confort, faisant d\u2019elle un incontournable de votre garde-robe. Confectionn\u00e9e en coton doux et respirant, elle pr\u00e9sente une coupe r\u00e9guli\u00e8re et des manches longues ajust\u00e9es aux poignets pour un ajustement parfait. Le col boutonn\u00e9 et le bouton sur le devant apportent une finition soign\u00e9e, [&hellip;]<\/p>\n","protected":false},"featured_media":1194649,"comment_status":"open","ping_status":"closed","template":"","meta":[],"product_brand":[],"product_cat":[1756,1758],"product_tag":[2244],"acf":[],"_links":{"self":[{"href":"https:\/\/streetmarkets.fr\/app\/wp-json\/wp\/v2\/product\/1194648"}],"collection":[{"href":"https:\/\/streetmarkets.fr\/app\/wp-json\/wp\/v2\/product"}],"about":[{"href":"https:\/\/streetmarkets.fr\/app\/wp-json\/wp\/v2\/types\/product"}],"replies":[{"embeddable":true,"href":"https:\/\/streetmarkets.fr\/app\/wp-json\/wp\/v2\/comments?post=1194648"}],"wp:featuredmedia":[{"embeddable":true,"href":"https:\/\/streetmarkets.fr\/app\/wp-json\/wp\/v2\/media\/1194649"}],"wp:attachment":[{"href":"https:\/\/streetmarkets.fr\/app\/wp-json\/wp\/v2\/media?parent=1194648"}],"wp:term":[{"taxonomy":"product_brand","embeddable":true,"href":"https:\/\/streetmarkets.fr\/app\/wp-json\/wp\/v2\/product_brand?post=1194648"},{"taxonomy":"product_cat","embeddable":true,"href":"https:\/\/streetmarkets.fr\/app\/wp-json\/wp\/v2\/product_cat?post=1194648"},{"taxonomy":"product_tag","embeddable":true,"href":"https:\/\/streetmarkets.fr\/app\/wp-json\/wp\/v2\/product_tag?post=1194648"}],"curies":[{"name":"wp","href":"https:\/\/api.w.org\/{rel}","templated":true}]}}