{"id":1189250,"date":"2025-01-20T01:05:17","date_gmt":"2025-01-20T00:05:17","guid":{"rendered":"https:\/\/streetmarkets.fr\/app\/produit\/nouveau-masscob-pantalon-blanes-iris-precommande\/"},"modified":"2025-07-23T02:04:11","modified_gmt":"2025-07-23T00:04:11","slug":"nouveau-masscob-pantalon-blanes-iris-precommande","status":"publish","type":"product","link":"https:\/\/streetmarkets.fr\/app\/produit\/nouveau-masscob-pantalon-blanes-iris-precommande\/","title":{"rendered":"MASSCOB Pantalon Blanes Iris -50%"},"content":{"rendered":"<p data-rte-preserve-empty=\"true\">Pantalon en coton souple coupe ample, \u00e9lastique et lien \u00e0 nouer \u00e0 la taille, deux poches lat\u00e9rales.<\/p>\n<p data-rte-preserve-empty=\"true\">Sur la photo le pantalon est port\u00e9 avec la chemise Davis Iris.<\/p>\n<p data-rte-preserve-empty=\"true\">D\u00e9tail : 100% coton biologique<\/p>\n","protected":false},"excerpt":{"rendered":"<p>Pantalon en coton souple coupe ample, \u00e9lastique et lien \u00e0 nouer \u00e0 la taille, deux poches lat\u00e9rales. Sur la photo le pantalon est port\u00e9 avec la chemise Davis Iris. D\u00e9tail : 100% coton biologique<\/p>\n","protected":false},"featured_media":1189251,"comment_status":"open","ping_status":"closed","template":"","meta":[],"product_brand":[],"product_cat":[1756,1762],"product_tag":[2244],"acf":[],"_links":{"self":[{"href":"https:\/\/streetmarkets.fr\/app\/wp-json\/wp\/v2\/product\/1189250"}],"collection":[{"href":"https:\/\/streetmarkets.fr\/app\/wp-json\/wp\/v2\/product"}],"about":[{"href":"https:\/\/streetmarkets.fr\/app\/wp-json\/wp\/v2\/types\/product"}],"replies":[{"embeddable":true,"href":"https:\/\/streetmarkets.fr\/app\/wp-json\/wp\/v2\/comments?post=1189250"}],"wp:featuredmedia":[{"embeddable":true,"href":"https:\/\/streetmarkets.fr\/app\/wp-json\/wp\/v2\/media\/1189251"}],"wp:attachment":[{"href":"https:\/\/streetmarkets.fr\/app\/wp-json\/wp\/v2\/media?parent=1189250"}],"wp:term":[{"taxonomy":"product_brand","embeddable":true,"href":"https:\/\/streetmarkets.fr\/app\/wp-json\/wp\/v2\/product_brand?post=1189250"},{"taxonomy":"product_cat","embeddable":true,"href":"https:\/\/streetmarkets.fr\/app\/wp-json\/wp\/v2\/product_cat?post=1189250"},{"taxonomy":"product_tag","embeddable":true,"href":"https:\/\/streetmarkets.fr\/app\/wp-json\/wp\/v2\/product_tag?post=1189250"}],"curies":[{"name":"wp","href":"https:\/\/api.w.org\/{rel}","templated":true}]}}