{"id":1189242,"date":"2025-01-20T01:05:16","date_gmt":"2025-01-20T00:05:16","guid":{"rendered":"https:\/\/streetmarkets.fr\/app\/produit\/nouveau-masscob-chemise-davis-iris-precommande\/"},"modified":"2025-07-23T02:04:11","modified_gmt":"2025-07-23T00:04:11","slug":"nouveau-masscob-chemise-davis-iris-precommande","status":"publish","type":"product","link":"https:\/\/streetmarkets.fr\/app\/produit\/nouveau-masscob-chemise-davis-iris-precommande\/","title":{"rendered":"MASSCOB Chemise Davis Iris"},"content":{"rendered":"<p data-rte-preserve-empty=\"true\">Grande chemise en coton, coupe ample, manches longues et poignets resserr\u00e9s, emmanchure large, l\u00e9g\u00e8rement plus longue dans le dos.<\/p>\n<p data-rte-preserve-empty=\"true\">Sur la photo la chemise est coordonn\u00e9e avec le pantalon Blanes. Le mod\u00e8le taille grand et se porte grand. <\/p>\n<p data-rte-preserve-empty=\"true\">D\u00e9tail : 100% coton biologique<\/p>\n","protected":false},"excerpt":{"rendered":"<p>Grande chemise en coton, coupe ample, manches longues et poignets resserr\u00e9s, emmanchure large, l\u00e9g\u00e8rement plus longue dans le dos. Sur la photo la chemise est coordonn\u00e9e avec le pantalon Blanes. Le mod\u00e8le taille grand et se porte grand. D\u00e9tail : 100% coton biologique<\/p>\n","protected":false},"featured_media":1189243,"comment_status":"open","ping_status":"closed","template":"","meta":[],"product_brand":[],"product_cat":[1756,1762],"product_tag":[2244],"acf":[],"_links":{"self":[{"href":"https:\/\/streetmarkets.fr\/app\/wp-json\/wp\/v2\/product\/1189242"}],"collection":[{"href":"https:\/\/streetmarkets.fr\/app\/wp-json\/wp\/v2\/product"}],"about":[{"href":"https:\/\/streetmarkets.fr\/app\/wp-json\/wp\/v2\/types\/product"}],"replies":[{"embeddable":true,"href":"https:\/\/streetmarkets.fr\/app\/wp-json\/wp\/v2\/comments?post=1189242"}],"wp:featuredmedia":[{"embeddable":true,"href":"https:\/\/streetmarkets.fr\/app\/wp-json\/wp\/v2\/media\/1189243"}],"wp:attachment":[{"href":"https:\/\/streetmarkets.fr\/app\/wp-json\/wp\/v2\/media?parent=1189242"}],"wp:term":[{"taxonomy":"product_brand","embeddable":true,"href":"https:\/\/streetmarkets.fr\/app\/wp-json\/wp\/v2\/product_brand?post=1189242"},{"taxonomy":"product_cat","embeddable":true,"href":"https:\/\/streetmarkets.fr\/app\/wp-json\/wp\/v2\/product_cat?post=1189242"},{"taxonomy":"product_tag","embeddable":true,"href":"https:\/\/streetmarkets.fr\/app\/wp-json\/wp\/v2\/product_tag?post=1189242"}],"curies":[{"name":"wp","href":"https:\/\/api.w.org\/{rel}","templated":true}]}}