{"id":1175702,"date":"2025-01-18T01:06:39","date_gmt":"2025-01-18T00:06:39","guid":{"rendered":"https:\/\/streetmarkets.fr\/app\/produit\/nouveau-rouje-paris-top-yuna-ecru\/"},"modified":"2026-01-14T01:05:10","modified_gmt":"2026-01-14T00:05:10","slug":"nouveau-rouje-paris-top-yuna-ecru","status":"publish","type":"product","link":"https:\/\/streetmarkets.fr\/app\/produit\/nouveau-rouje-paris-top-yuna-ecru\/","title":{"rendered":"ROUJE PARIS Top Yuna Ecru"},"content":{"rendered":"<p data-rte-preserve-empty=\"true\">Joli top en coton sans manche \u00e0 motif floral, coupe ajust\u00e9e, encolure arrondie, petit fronce sur le devant. A coordonner avec la jupe Naella Satain Rouge. <\/p>\n<p data-rte-preserve-empty=\"true\">D\u00e9tail : 95% coton, 5% elasthane<\/p>\n","protected":false},"excerpt":{"rendered":"<p>Joli top en coton sans manche \u00e0 motif floral, coupe ajust\u00e9e, encolure arrondie, petit fronce sur le devant. A coordonner avec la jupe Naella Satain Rouge. D\u00e9tail : 95% coton, 5% elasthane<\/p>\n","protected":false},"featured_media":1175703,"comment_status":"open","ping_status":"closed","template":"","meta":[],"product_brand":[],"product_cat":[1756,1762],"product_tag":[2244],"acf":[],"_links":{"self":[{"href":"https:\/\/streetmarkets.fr\/app\/wp-json\/wp\/v2\/product\/1175702"}],"collection":[{"href":"https:\/\/streetmarkets.fr\/app\/wp-json\/wp\/v2\/product"}],"about":[{"href":"https:\/\/streetmarkets.fr\/app\/wp-json\/wp\/v2\/types\/product"}],"replies":[{"embeddable":true,"href":"https:\/\/streetmarkets.fr\/app\/wp-json\/wp\/v2\/comments?post=1175702"}],"wp:featuredmedia":[{"embeddable":true,"href":"https:\/\/streetmarkets.fr\/app\/wp-json\/wp\/v2\/media\/1175703"}],"wp:attachment":[{"href":"https:\/\/streetmarkets.fr\/app\/wp-json\/wp\/v2\/media?parent=1175702"}],"wp:term":[{"taxonomy":"product_brand","embeddable":true,"href":"https:\/\/streetmarkets.fr\/app\/wp-json\/wp\/v2\/product_brand?post=1175702"},{"taxonomy":"product_cat","embeddable":true,"href":"https:\/\/streetmarkets.fr\/app\/wp-json\/wp\/v2\/product_cat?post=1175702"},{"taxonomy":"product_tag","embeddable":true,"href":"https:\/\/streetmarkets.fr\/app\/wp-json\/wp\/v2\/product_tag?post=1175702"}],"curies":[{"name":"wp","href":"https:\/\/api.w.org\/{rel}","templated":true}]}}