{"id":1175694,"date":"2025-01-18T01:06:38","date_gmt":"2025-01-18T00:06:38","guid":{"rendered":"https:\/\/streetmarkets.fr\/app\/produit\/nouveau-rouje-paris-jupe-naella-rouge\/"},"modified":"2026-05-11T01:59:40","modified_gmt":"2026-05-10T23:59:40","slug":"nouveau-rouje-paris-jupe-naella-rouge","status":"publish","type":"product","link":"https:\/\/streetmarkets.fr\/app\/produit\/nouveau-rouje-paris-jupe-naella-rouge\/","title":{"rendered":"ROUJE PARIS Jupe Naella Rouge -50%"},"content":{"rendered":"<p data-rte-preserve-empty=\"true\">Jupe longueur mi mollet en satin rouge, coupe fluide et douce sur la peau, \u00e9lastique \u00e0 la taille, d\u00e9tail petite rose sur le devant \u00e0 la taille. \u00c0 coordonner avec le top Yuna ecru. <\/p>\n<p data-rte-preserve-empty=\"true\">D\u00e9tail : 97% viscose, 3% elasthane<\/p>\n","protected":false},"excerpt":{"rendered":"<p>Jupe longueur mi mollet en satin rouge, coupe fluide et douce sur la peau, \u00e9lastique \u00e0 la taille, d\u00e9tail petite rose sur le devant \u00e0 la taille. \u00c0 coordonner avec le top Yuna ecru. D\u00e9tail : 97% viscose, 3% elasthane<\/p>\n","protected":false},"featured_media":1175695,"comment_status":"open","ping_status":"closed","template":"","meta":[],"product_brand":[],"product_cat":[1756,1762],"product_tag":[2244],"acf":[],"_links":{"self":[{"href":"https:\/\/streetmarkets.fr\/app\/wp-json\/wp\/v2\/product\/1175694"}],"collection":[{"href":"https:\/\/streetmarkets.fr\/app\/wp-json\/wp\/v2\/product"}],"about":[{"href":"https:\/\/streetmarkets.fr\/app\/wp-json\/wp\/v2\/types\/product"}],"replies":[{"embeddable":true,"href":"https:\/\/streetmarkets.fr\/app\/wp-json\/wp\/v2\/comments?post=1175694"}],"wp:featuredmedia":[{"embeddable":true,"href":"https:\/\/streetmarkets.fr\/app\/wp-json\/wp\/v2\/media\/1175695"}],"wp:attachment":[{"href":"https:\/\/streetmarkets.fr\/app\/wp-json\/wp\/v2\/media?parent=1175694"}],"wp:term":[{"taxonomy":"product_brand","embeddable":true,"href":"https:\/\/streetmarkets.fr\/app\/wp-json\/wp\/v2\/product_brand?post=1175694"},{"taxonomy":"product_cat","embeddable":true,"href":"https:\/\/streetmarkets.fr\/app\/wp-json\/wp\/v2\/product_cat?post=1175694"},{"taxonomy":"product_tag","embeddable":true,"href":"https:\/\/streetmarkets.fr\/app\/wp-json\/wp\/v2\/product_tag?post=1175694"}],"curies":[{"name":"wp","href":"https:\/\/api.w.org\/{rel}","templated":true}]}}