{"id":1175665,"date":"2025-01-18T01:06:18","date_gmt":"2025-01-18T00:06:18","guid":{"rendered":"https:\/\/streetmarkets.fr\/app\/produit\/nouveau-masscob-robe-tirta-biarritz-precommande\/"},"modified":"2025-08-04T02:04:53","modified_gmt":"2025-08-04T00:04:53","slug":"nouveau-masscob-robe-tirta-biarritz-precommande","status":"publish","type":"product","link":"https:\/\/streetmarkets.fr\/app\/produit\/nouveau-masscob-robe-tirta-biarritz-precommande\/","title":{"rendered":"MASSCOB Robe Tirta Biarritz -50%"},"content":{"rendered":"<p data-rte-preserve-empty=\"true\">Robe longue en coton \u00e0 larges rayures, bretelles fines, coupe \u00e9vas\u00e9e.<\/p>\n<p data-rte-preserve-empty=\"true\">D\u00e9tail : 100% coton<\/p>\n","protected":false},"excerpt":{"rendered":"<p>Robe longue en coton \u00e0 larges rayures, bretelles fines, coupe \u00e9vas\u00e9e. D\u00e9tail : 100% coton<\/p>\n","protected":false},"featured_media":1175666,"comment_status":"open","ping_status":"closed","template":"","meta":[],"product_brand":[],"product_cat":[1756,1762],"product_tag":[2244],"acf":[],"_links":{"self":[{"href":"https:\/\/streetmarkets.fr\/app\/wp-json\/wp\/v2\/product\/1175665"}],"collection":[{"href":"https:\/\/streetmarkets.fr\/app\/wp-json\/wp\/v2\/product"}],"about":[{"href":"https:\/\/streetmarkets.fr\/app\/wp-json\/wp\/v2\/types\/product"}],"replies":[{"embeddable":true,"href":"https:\/\/streetmarkets.fr\/app\/wp-json\/wp\/v2\/comments?post=1175665"}],"wp:featuredmedia":[{"embeddable":true,"href":"https:\/\/streetmarkets.fr\/app\/wp-json\/wp\/v2\/media\/1175666"}],"wp:attachment":[{"href":"https:\/\/streetmarkets.fr\/app\/wp-json\/wp\/v2\/media?parent=1175665"}],"wp:term":[{"taxonomy":"product_brand","embeddable":true,"href":"https:\/\/streetmarkets.fr\/app\/wp-json\/wp\/v2\/product_brand?post=1175665"},{"taxonomy":"product_cat","embeddable":true,"href":"https:\/\/streetmarkets.fr\/app\/wp-json\/wp\/v2\/product_cat?post=1175665"},{"taxonomy":"product_tag","embeddable":true,"href":"https:\/\/streetmarkets.fr\/app\/wp-json\/wp\/v2\/product_tag?post=1175665"}],"curies":[{"name":"wp","href":"https:\/\/api.w.org\/{rel}","templated":true}]}}