{"id":1175639,"date":"2025-01-18T01:06:15","date_gmt":"2025-01-18T00:06:15","guid":{"rendered":"https:\/\/streetmarkets.fr\/app\/produit\/nouveau-masscob-robe-tesalia-alabaster-precommande\/"},"modified":"2026-01-05T01:05:01","modified_gmt":"2026-01-05T00:05:01","slug":"nouveau-masscob-robe-tesalia-alabaster-precommande","status":"publish","type":"product","link":"https:\/\/streetmarkets.fr\/app\/produit\/nouveau-masscob-robe-tesalia-alabaster-precommande\/","title":{"rendered":"MASSCOB Robe Tesalia Alabaster -30%"},"content":{"rendered":"<p data-rte-preserve-empty=\"true\">Robe longue et fluide en soie \u00e0 motif floral, manches courtes, col en V, pliss\u00e9e aux \u00e9paules devant et dos, l\u00e9g\u00e8rement ajust\u00e9e \u00e0 la taille, fermeture par un zip.<\/p>\n<p data-rte-preserve-empty=\"true\">D\u00e9tail : 100% soie<\/p>\n","protected":false},"excerpt":{"rendered":"<p>Robe longue et fluide en soie \u00e0 motif floral, manches courtes, col en V, pliss\u00e9e aux \u00e9paules devant et dos, l\u00e9g\u00e8rement ajust\u00e9e \u00e0 la taille, fermeture par un zip. D\u00e9tail : 100% soie<\/p>\n","protected":false},"featured_media":1175640,"comment_status":"open","ping_status":"closed","template":"","meta":[],"product_brand":[],"product_cat":[1756,1762],"product_tag":[2244],"acf":[],"_links":{"self":[{"href":"https:\/\/streetmarkets.fr\/app\/wp-json\/wp\/v2\/product\/1175639"}],"collection":[{"href":"https:\/\/streetmarkets.fr\/app\/wp-json\/wp\/v2\/product"}],"about":[{"href":"https:\/\/streetmarkets.fr\/app\/wp-json\/wp\/v2\/types\/product"}],"replies":[{"embeddable":true,"href":"https:\/\/streetmarkets.fr\/app\/wp-json\/wp\/v2\/comments?post=1175639"}],"wp:featuredmedia":[{"embeddable":true,"href":"https:\/\/streetmarkets.fr\/app\/wp-json\/wp\/v2\/media\/1175640"}],"wp:attachment":[{"href":"https:\/\/streetmarkets.fr\/app\/wp-json\/wp\/v2\/media?parent=1175639"}],"wp:term":[{"taxonomy":"product_brand","embeddable":true,"href":"https:\/\/streetmarkets.fr\/app\/wp-json\/wp\/v2\/product_brand?post=1175639"},{"taxonomy":"product_cat","embeddable":true,"href":"https:\/\/streetmarkets.fr\/app\/wp-json\/wp\/v2\/product_cat?post=1175639"},{"taxonomy":"product_tag","embeddable":true,"href":"https:\/\/streetmarkets.fr\/app\/wp-json\/wp\/v2\/product_tag?post=1175639"}],"curies":[{"name":"wp","href":"https:\/\/api.w.org\/{rel}","templated":true}]}}